{"id":7435,"date":"2022-11-05T09:50:27","date_gmt":"2022-11-05T07:50:27","guid":{"rendered":"https:\/\/www.wemovenow.com\/?post_type=product&#038;p=7435"},"modified":"2022-11-05T09:56:46","modified_gmt":"2022-11-05T07:56:46","slug":"460w-modul-supereffizient","status":"publish","type":"product","link":"https:\/\/www.wemovenow.com\/en\/product\/460w-modul-supereffizient\/","title":{"rendered":"460W-Modul supereffizient"},"content":{"rendered":"<p>460 Watt Modul mit Effizienz von 21.24%<\/p>\n<p><strong><span dir=\"ltr\" role=\"presentation\">Abmessungen (L\u00d7B\u00d7T): <\/span><\/strong><span dir=\"ltr\" role=\"presentation\">1910\u00d71134\u00d732mm<br \/>\n<strong>Masse:<\/strong> 24 kg<\/span><\/p>\n<p><span dir=\"ltr\" role=\"presentation\">Maximum Power (Pmax): 460W<\/span><br role=\"presentation\" \/><span dir=\"ltr\" role=\"presentation\">Open-circuit Voltage (Voc): 42.0V<\/span><br role=\"presentation\" \/><span dir=\"ltr\" role=\"presentation\">Maximum Power Voltage (Vmp): 35.6V<\/span><br role=\"presentation\" \/><span dir=\"ltr\" role=\"presentation\">Short-circuit Current (Isc): 13.78A<\/span><br role=\"presentation\" \/><span dir=\"ltr\" role=\"presentation\">Maximum Power Current (Imp): 12.92A<\/span><br role=\"presentation\" \/><span dir=\"ltr\" role=\"presentation\">Moduleffizienz: 21.24%<\/span><\/p>\n<p><span dir=\"ltr\" role=\"presentation\">Kabel: 4.0mm2, Portrait: 300mm(+)\/400mm(-)<\/span><br role=\"presentation\" \/><span dir=\"ltr\" role=\"presentation\">ben\u00f6tigter Stecker bei Landscape: 1400mm(+)\/1400mm(-)<\/span><br role=\"presentation\" \/><span dir=\"ltr\" role=\"presentation\">Zellenanzahl: 120 (6\u00d720)<\/span><br role=\"presentation\" \/><span dir=\"ltr\" role=\"presentation\">Glas: 3.2mm High Transmission, Antireflection Coating<\/span><br role=\"presentation\" \/><span dir=\"ltr\" role=\"presentation\">Junction box: IP68, 3 Bypass Diodes<\/span><br role=\"presentation\" \/><span dir=\"ltr\" role=\"presentation\">Stecker: MC4 kompatibel<\/span><br role=\"presentation\" \/><br role=\"presentation\" \/><br role=\"presentation\" \/><br role=\"presentation\" \/><br role=\"presentation\" \/><br role=\"presentation\" \/><br role=\"presentation\" \/><br role=\"presentation\" \/><br role=\"presentation\" \/><br role=\"presentation\" \/><\/p>","protected":false},"excerpt":{"rendered":"<p>460 Watt Modul mit Effizienz von 21.24% Abmessungen (L\u00d7B\u00d7T): 1910\u00d71134\u00d732mm Masse: 24 kg Maximum Power (Pmax): 460WOpen-circuit Voltage (Voc): 42.0VMaximum Power Voltage (Vmp): 35.6VShort-circuit Current (Isc): 13.78AMaximum Power Current (Imp): 12.92AModuleffizienz: 21.24% Kabel: 4.0mm2, Portrait: 300mm(+)\/400mm(-)ben\u00f6tigter Stecker bei Landscape: 1400mm(+)\/1400mm(-)Zellenanzahl: 120 (6\u00d720)Glas: 3.2mm High Transmission, Antireflection CoatingJunction box: IP68, 3 Bypass DiodesStecker: MC4 kompatibel<\/p>","protected":false},"featured_media":6401,"comment_status":"open","ping_status":"closed","template":"","meta":[],"product_brand":[],"product_cat":[25,85],"product_tag":[],"class_list":{"0":"post-7435","1":"product","2":"type-product","3":"status-publish","4":"has-post-thumbnail","6":"product_cat-neu","7":"product_cat-pv-speicher","9":"entry","10":"has-media","12":"first","13":"instock","14":"sale","15":"taxable","16":"shipping-taxable","17":"purchasable","18":"product-type-simple","19":"has-product-nav","20":"col","21":"span_1_of_3","22":"owp-content-center","23":"owp-thumbs-layout-horizontal","24":"owp-btn-normal","25":"owp-tabs-layout-horizontal"},"_links":{"self":[{"href":"https:\/\/www.wemovenow.com\/en\/wp-json\/wp\/v2\/product\/7435","targetHints":{"allow":["GET"]}}],"collection":[{"href":"https:\/\/www.wemovenow.com\/en\/wp-json\/wp\/v2\/product"}],"about":[{"href":"https:\/\/www.wemovenow.com\/en\/wp-json\/wp\/v2\/types\/product"}],"replies":[{"embeddable":true,"href":"https:\/\/www.wemovenow.com\/en\/wp-json\/wp\/v2\/comments?post=7435"}],"version-history":[{"count":3,"href":"https:\/\/www.wemovenow.com\/en\/wp-json\/wp\/v2\/product\/7435\/revisions"}],"predecessor-version":[{"id":7440,"href":"https:\/\/www.wemovenow.com\/en\/wp-json\/wp\/v2\/product\/7435\/revisions\/7440"}],"wp:featuredmedia":[{"embeddable":true,"href":"https:\/\/www.wemovenow.com\/en\/wp-json\/wp\/v2\/media\/6401"}],"wp:attachment":[{"href":"https:\/\/www.wemovenow.com\/en\/wp-json\/wp\/v2\/media?parent=7435"}],"wp:term":[{"taxonomy":"product_brand","embeddable":true,"href":"https:\/\/www.wemovenow.com\/en\/wp-json\/wp\/v2\/product_brand?post=7435"},{"taxonomy":"product_cat","embeddable":true,"href":"https:\/\/www.wemovenow.com\/en\/wp-json\/wp\/v2\/product_cat?post=7435"},{"taxonomy":"product_tag","embeddable":true,"href":"https:\/\/www.wemovenow.com\/en\/wp-json\/wp\/v2\/product_tag?post=7435"}],"curies":[{"name":"wp","href":"https:\/\/api.w.org\/{rel}","templated":true}]}}