{"id":7396,"date":"2022-09-27T15:33:59","date_gmt":"2022-09-27T13:33:59","guid":{"rendered":"https:\/\/www.wemovenow.com\/?post_type=product&#038;p=7396"},"modified":"2022-09-27T15:42:31","modified_gmt":"2022-09-27T13:42:31","slug":"e-bike-kettler-quadriga-town-country","status":"publish","type":"product","link":"https:\/\/www.wemovenow.com\/en\/product\/e-bike-kettler-quadriga-town-country\/","title":{"rendered":"E-Bike Kettler Quadriga Town &#038; Country"},"content":{"rendered":"<div class=\"cms-component product-description-component\">\n<h2 class=\"font-sans font-bold rfs-text text-2xl text-black leading-tight product-headline text-center\">Innovativ, komfortabel und tourentauglich<\/h2>\n<\/div>\n<div class=\"cms-component product-description-component\">\n<ul class=\"product-highlights list-checkmark\">\n<li class=\"mb-8 last:mb-0\">Kraftvolle Unterst\u00fctzung dank Bosch Performance Line CX<\/li>\n<li class=\"mb-8 last:mb-0\">Dank K-Link-Kupplung f\u00fcr Anh\u00e4nger vorbereitet<\/li>\n<li class=\"mb-8 last:mb-0\">F\u00fcr ausreichend Reserven am Berg sorgt die SHIMANO Deore 10-Gang-Schaltung<\/li>\n<\/ul>\n<\/div>\n<div class=\"cms-component product-description-component\">\n<div class=\"product-description mb-8 leading-loose\">Griffige Stollenreifen und eine Federgabel mit 100 mm Weg machen das in zwei Rahmenformen erh\u00e4ltliche QUADRIGA TOWN &amp; COUNTRY ideal f\u00fcr Touren und Alltagsfahrten \u00fcber schlechte Wege und auf unbefestigtem Terrain. Der Bosch Performance Line CX schiebt ordentlich an, wobei der integrierte Akku mit 625 Wattstunden erh\u00e4ltlich, gro\u00dfe Reichweiten erm\u00f6glicht. Mit 10-Gang Kettenschaltung kann auch an steilen Anstiegen locker pedaliert werden; bergab bieten standfeste Scheibenbremsen Sicherheit. Der MonkeyLoad Systemgep\u00e4cktr\u00e4ger sowie die Kettler-eigene K-Link Kupplung f\u00fcr einen Anh\u00e4nger sorgen f\u00fcr maximale Alltagstauglichkeit.<\/div>\n<\/div>\n<p>&nbsp;<\/p>\n<div class=\"title\">\n<div class=\"title\">\n<div class=\"title\">\n<div class=\"cms-component headline-component\">\n<div class=\"cms-component headline-component\">\n<h2 class=\"font-sans rfs-text text-2xl text-black uppercase leading-tight text-center\">SPEZIFIKATIONEN<\/h2>\n<\/div>\n<div class=\"cms-component product-variant-specs-component\">\n<div class=\"w-full pb-4\">\n<div class=\"content-wrapper relative auto-height\">\n<div class=\"spec-row row no-gutters\">\n<div class=\"spec-label-col col w-full md:w-4\/12 md:ml-1\/12\"><span class=\"spec-label\">MOTOR\u00a0 Bosch Performance Line CX 25\/85Nm<\/span><\/div>\n<\/div>\n<div class=\"spec-row row no-gutters\">\n<div class=\"spec-label-col col w-full md:w-4\/12 md:ml-1\/12\"><span class=\"spec-label\">MOTORTYP\u00a0 Mittelmotor<\/span><\/div>\n<\/div>\n<div class=\"spec-row row no-gutters\">\n<div class=\"spec-label-col col w-full md:w-4\/12 md:ml-1\/12\"><span class=\"spec-label\">MOTORUNTERST\u00dcTZUNG\u00a0 \u00a0<\/span><span class=\"spec-value\">bis 25 km\/h<\/span><\/div>\n<\/div>\n<div class=\"spec-row row no-gutters\">\n<div class=\"spec-label-col col w-full md:w-4\/12 md:ml-1\/12\"><span class=\"spec-label\">AKKU\u00a0 \u00a0Bosch PowerTube Horizontal 625<\/span><\/div>\n<\/div>\n<div class=\"spec-row row no-gutters\">\n<div class=\"spec-label-col col w-full md:w-4\/12 md:ml-1\/12\"><span class=\"spec-label\">DISPLAY\u00a0 \u00a0Bosch Intuiva<\/span><\/div>\n<\/div>\n<div class=\"spec-row row no-gutters\">\n<div class=\"spec-label-col col w-full md:w-4\/12 md:ml-1\/12\"><span class=\"spec-label\">RAHMENMATERIAL\u00a0 \u00a0<\/span><span class=\"spec-value\">Aluminium<\/span><\/div>\n<\/div>\n<div class=\"spec-row row no-gutters\">\n<div class=\"spec-label-col col w-full md:w-4\/12 md:ml-1\/12\"><span class=\"spec-label\">GABEL\u00a0 \u00a0 SR SUNTOUR XCM34-Boost<\/span><\/div>\n<\/div>\n<div class=\"spec-row row no-gutters\">\n<div class=\"spec-label-col col w-full md:w-4\/12 md:ml-1\/12\"><span class=\"spec-label\">FEDERWEG (VORNE)\u00a0 \u00a010<\/span><span class=\"spec-value\">0,0 mm<\/span><\/div>\n<\/div>\n<div class=\"spec-row row no-gutters\">\n<div class=\"spec-label-col col w-full md:w-4\/12 md:ml-1\/12\"><span class=\"spec-label\"><span class=\"spec-label\">SCHALTUNGSART\u00a0 \u00a010 Gang Kettenschaltung<br \/>\n<\/span><\/span><\/p>\n<div class=\"spec-label-col col w-full md:w-4\/12 md:ml-1\/12\"><span class=\"spec-label\">SCHALTWERK\u00a0 \u00a0<\/span><span class=\"spec-value\">SHIMANO Deore RD-M5120<\/span><\/div>\n<\/div>\n<\/div>\n<div class=\"spec-row row no-gutters\">\n<div class=\"spec-label-col col w-full md:w-4\/12 md:ml-1\/12\"><span class=\"spec-label\">SCHALTHEBEL\u00a0 \u00a0SHIMANO Deore SL-M4100<\/span><\/div>\n<\/div>\n<div class=\"spec-row row no-gutters\">\n<div class=\"spec-label-col col w-full md:w-4\/12 md:ml-1\/12\"><span class=\"spec-label\">KURBELGARNITUR\u00a0 \u00a0SAMOX<\/span><\/div>\n<\/div>\n<div class=\"spec-row row no-gutters\">\n<div class=\"spec-label-col col w-full md:w-4\/12 md:ml-1\/12\"><span class=\"spec-label\">RADGR\u00d6SS\u00a0 \u00a0<\/span><span class=\"spec-value\">27,5 Zoll<\/span><\/div>\n<\/div>\n<div class=\"spec-row row no-gutters\">\n<div class=\"spec-label-col col w-full md:w-4\/12 md:ml-1\/12\"><span class=\"spec-label\">BEREIFUNG\u00a0 \u00a0SCHWALBE Hurricane Performance RG HS499<\/span><\/div>\n<\/div>\n<div class=\"spec-row row no-gutters\">\n<div class=\"spec-label-col col w-full md:w-4\/12 md:ml-1\/12\"><span class=\"spec-label\">REIFENGR\u00d6SSE (ETRTO)\u00a0 \u00a057-584<\/span><\/div>\n<\/div>\n<div class=\"spec-row row no-gutters\">\n<div class=\"spec-label-col col w-full md:w-4\/12 md:ml-1\/12\"><span class=\"spec-label\">REIFENGR\u00d6SSE (ZOLL)\u00a0 \u00a027.5&#215;2.25<\/span><\/div>\n<\/div>\n<div class=\"spec-row row no-gutters\">\n<div class=\"spec-label-col col w-full md:w-4\/12 md:ml-1\/12\"><span class=\"spec-label\">FELGE HINTEN\u00a0 \u00a0 kann weg<\/span><\/div>\n<\/div>\n<div class=\"spec-row row no-gutters\">\n<div class=\"spec-label-col col w-full md:w-4\/12 md:ml-1\/12\"><span class=\"spec-label\">FELGE\u00a0 \u00a0RODI Tryp 30<\/span><\/div>\n<\/div>\n<div class=\"spec-row row no-gutters\">\n<div class=\"spec-label-col col w-full md:w-4\/12 md:ml-1\/12\"><span class=\"spec-label\">SPEICHEN\u00a0 \u00a0<\/span><span class=\"spec-value\">Spoke 2.0 blk<\/span><\/div>\n<\/div>\n<div class=\"spec-row row no-gutters\">\n<div class=\"spec-label-col col w-full md:w-4\/12 md:ml-1\/12\"><span class=\"spec-label\">NABE\u00a0 \u00a0SHIMANO HB-MT400-B<\/span><\/div>\n<\/div>\n<div class=\"spec-row row no-gutters\">\n<div class=\"spec-label-col col w-full md:w-4\/12 md:ml-1\/12\"><span class=\"spec-label\">NABE (HINTERRAD)\u00a0 SHIMANO FH-MT400-B<\/span><\/div>\n<\/div>\n<div class=\"spec-row row no-gutters\">\n<div class=\"spec-label-col col w-full md:w-4\/12 md:ml-1\/12\"><span class=\"spec-label\">LENKER\u00a0 \u00a0Competition SL Trekking<\/span><\/div>\n<\/div>\n<div class=\"spec-row row no-gutters\">\n<div class=\"spec-label-col col w-full md:w-4\/12 md:ml-1\/12\"><span class=\"spec-label\">VORBAU\u00a0 \u00a0Competition SL, adjustable<\/span><\/div>\n<\/div>\n<div class=\"spec-row row no-gutters\">\n<div class=\"spec-label-col col w-full md:w-4\/12 md:ml-1\/12\"><span class=\"spec-label\">PEDALE\u00a0 \u00a0 <\/span><span class=\"spec-value\">ZECURE VP-469<\/span><\/div>\n<\/div>\n<div class=\"spec-row row no-gutters\">\n<div class=\"spec-label-col col w-full md:w-4\/12 md:ml-1\/12\"><span class=\"spec-label\">SATTEL\u00a0 \u00a0 Comodoro XL<\/span><\/div>\n<\/div>\n<div class=\"spec-row row no-gutters\">\n<div class=\"spec-label-col col w-full md:w-4\/12 md:ml-1\/12\"><span class=\"spec-label\">SATTELST\u00dcTZE\u00a0 \u00a0SP-216 blk (34,9mm)<\/span><\/div>\n<\/div>\n<div class=\"spec-row row no-gutters\">\n<div class=\"spec-label-col col w-full md:w-4\/12 md:ml-1\/12\"><span class=\"spec-label\">BREMSTYP\u00a0 \u00a0<\/span><span class=\"spec-value\">Hydraulische Scheibenbremse<\/span><\/div>\n<\/div>\n<div class=\"spec-row row no-gutters\">\n<div class=\"spec-label-col col w-full md:w-4\/12 md:ml-1\/12\"><span class=\"spec-label\">BREMSE\u00a0 \u00a0SHIMANO BR-MT200 \/ 2-piston<\/span><\/div>\n<\/div>\n<div class=\"spec-row row no-gutters\">\n<div class=\"spec-label-col col w-full md:w-4\/12 md:ml-1\/12\"><span class=\"spec-label\">BREMSE HINTEN\u00a0 \u00a0SHIMANO BR-MT200 \/ 2-piston<\/span><\/div>\n<\/div>\n<div class=\"spec-row row no-gutters\">\n<div class=\"spec-label-col col w-full md:w-4\/12 md:ml-1\/12\"><span class=\"spec-label\">FRONTLEUCHTE\u00a0 \u00a0FUXON FF-50 EB, 50 lux<\/span><\/div>\n<\/div>\n<div class=\"spec-row row no-gutters\">\n<div class=\"spec-label-col col w-full md:w-4\/12 md:ml-1\/12\"><span class=\"spec-label\">R\u00dcCKLEUCHTE\u00a0 \u00a0FUXON R-Glow EB<\/span><\/div>\n<\/div>\n<div class=\"spec-row row no-gutters\">\n<div class=\"spec-label-col col w-full md:w-4\/12 md:ml-1\/12\"><span class=\"spec-label\">SCHUTZBLECHE\u00a0 \u00a0 SKS PET A65R<\/span><\/div>\n<\/div>\n<div class=\"spec-row row no-gutters\">\n<div class=\"spec-label-col col w-full md:w-4\/12 md:ml-1\/12\"><span class=\"spec-label\">GEP\u00c4CKTR\u00c4GER\u00a0 \u00a0<\/span><span class=\"spec-value\">MonkeyLoad Carrier<\/span><\/div>\n<\/div>\n<div class=\"spec-row row no-gutters\">\n<div class=\"spec-label-col col w-full md:w-4\/12 md:ml-1\/12\"><span class=\"spec-label\">ZUL\u00c4SSIGES GESAMTGEWICHT\u00a0 \u00a0<\/span><span class=\"spec-value\">145,0 kg<\/span><\/div>\n<\/div>\n<\/div>\n<\/div>\n<\/div>\n<\/div>\n<\/div>\n<\/div>\n<\/div>","protected":false},"excerpt":{"rendered":"<p class=\"content--title\"><strong>Kettler Quadriga DUO E-TR BELT<\/strong><\/p>\n<div class=\"product--description\"><\/div>\n<div class=\"product--properties panel has--border\">\n<table class=\"product--properties-table\">\n<tbody>\n<tr class=\"product--properties-row\">\n<td class=\"product--properties-label is--bold\">Farbe:<\/td>\n<td class=\"product--properties-value\">Schwarz chrome<\/td>\n<\/tr>\n<tr class=\"product--properties-row\">\n<td class=\"product--properties-label is--bold\">Gabel:<\/td>\n<td class=\"product--properties-value\"><span class=\"spec-label\">SR SUNTOUR XCR34, Air<\/span><\/td>\n<\/tr>\n<tr class=\"product--properties-row\">\n<td class=\"product--properties-label is--bold\">Antrieb:<\/td>\n<td class=\"product--properties-value\"><span class=\"spec-label\">Bosch Performance Line CX 25\/85Nm<\/span><\/td>\n<\/tr>\n<tr class=\"product--properties-row\">\n<td class=\"product--properties-label is--bold\">Akku:<\/td>\n<td class=\"product--properties-value\"><span class=\"spec-label\">Bosch PowerTube 625Wh<\/span><\/td>\n<\/tr>\n<tr class=\"product--properties-row\">\n<td class=\"product--properties-label is--bold\">Bremsen:<\/td>\n<td class=\"product--properties-value\"><span class=\"spec-label\">SHIMANO BR-MT200 \/ 2-piston<\/span><\/td>\n<\/tr>\n<tr class=\"product--properties-row\">\n<td class=\"product--properties-label is--bold\">Schaltwerk:<\/td>\n<td class=\"product--properties-value\">SHIMANO Deore RD-M5120<\/td>\n<\/tr>\n<tr class=\"product--properties-row\">\n<td class=\"product--properties-label is--bold\"><\/td>\n<td class=\"product--properties-value\"><\/td>\n<\/tr>\n<\/tbody>\n<\/table>\n<\/div>","protected":false},"featured_media":7401,"comment_status":"open","ping_status":"closed","template":"","meta":[],"product_brand":[],"product_cat":[41,28,25,42],"product_tag":[],"class_list":{"0":"post-7396","1":"product","2":"type-product","3":"status-publish","4":"has-post-thumbnail","6":"product_cat-city-urban","7":"product_cat-e-bike","8":"product_cat-neu","9":"product_cat-trekking","11":"entry","12":"has-media","14":"first","15":"instock","16":"taxable","17":"shipping-taxable","18":"purchasable","19":"product-type-variable","20":"has-product-nav","21":"col","22":"span_1_of_3","23":"owp-content-center","24":"owp-thumbs-layout-horizontal","25":"owp-btn-normal","26":"owp-tabs-layout-horizontal","27":"has-no-thumbnails"},"_links":{"self":[{"href":"https:\/\/www.wemovenow.com\/en\/wp-json\/wp\/v2\/product\/7396","targetHints":{"allow":["GET"]}}],"collection":[{"href":"https:\/\/www.wemovenow.com\/en\/wp-json\/wp\/v2\/product"}],"about":[{"href":"https:\/\/www.wemovenow.com\/en\/wp-json\/wp\/v2\/types\/product"}],"replies":[{"embeddable":true,"href":"https:\/\/www.wemovenow.com\/en\/wp-json\/wp\/v2\/comments?post=7396"}],"version-history":[{"count":1,"href":"https:\/\/www.wemovenow.com\/en\/wp-json\/wp\/v2\/product\/7396\/revisions"}],"predecessor-version":[{"id":7402,"href":"https:\/\/www.wemovenow.com\/en\/wp-json\/wp\/v2\/product\/7396\/revisions\/7402"}],"wp:featuredmedia":[{"embeddable":true,"href":"https:\/\/www.wemovenow.com\/en\/wp-json\/wp\/v2\/media\/7401"}],"wp:attachment":[{"href":"https:\/\/www.wemovenow.com\/en\/wp-json\/wp\/v2\/media?parent=7396"}],"wp:term":[{"taxonomy":"product_brand","embeddable":true,"href":"https:\/\/www.wemovenow.com\/en\/wp-json\/wp\/v2\/product_brand?post=7396"},{"taxonomy":"product_cat","embeddable":true,"href":"https:\/\/www.wemovenow.com\/en\/wp-json\/wp\/v2\/product_cat?post=7396"},{"taxonomy":"product_tag","embeddable":true,"href":"https:\/\/www.wemovenow.com\/en\/wp-json\/wp\/v2\/product_tag?post=7396"}],"curies":[{"name":"wp","href":"https:\/\/api.w.org\/{rel}","templated":true}]}}