{"id":7384,"date":"2022-09-18T13:24:10","date_gmt":"2022-09-18T11:24:10","guid":{"rendered":"https:\/\/www.wemovenow.com\/?post_type=product&#038;p=7384"},"modified":"2022-09-18T13:33:10","modified_gmt":"2022-09-18T11:33:10","slug":"e-bike-kettler-quadriga-familiano-c-n","status":"publish","type":"product","link":"https:\/\/www.wemovenow.com\/en\/product\/e-bike-kettler-quadriga-familiano-c-n\/","title":{"rendered":"E-Bike Kettler Quadriga Familiano C-N"},"content":{"rendered":"<div class=\"cms-component product-description-component\">\n<h2 class=\"font-sans font-bold rfs-text text-2xl text-black leading-tight product-headline text-center\">Flexibilit\u00e4t stufenlos geschaltet<\/h2>\n<\/div>\n<div class=\"cms-component product-description-component\">\n<ul class=\"product-highlights list-checkmark\">\n<li class=\"mb-8 last:mb-0\">Kraftvolle Unterst\u00fctzung dank Bosch Cargo Line Cruise Antrieb<\/li>\n<li class=\"mb-8 last:mb-0\">Das zul\u00e4ssige Gesamtgewicht von 180 kg sorgt f\u00fcr ausreichend Reserven<\/li>\n<li class=\"mb-8 last:mb-0\">Intuitiv dank stufenloser ENVIOLO Getriebenabe<\/li>\n<\/ul>\n<\/div>\n<div class=\"cms-component product-description-component\">\n<div class=\"product-description mb-8 leading-loose\">Ein Rahmen aus hochwertigem Aluminium. Mit Bestwerten bei Stabilit\u00e4t und Sicherheit und perfekt f\u00fcr den Familienalltag ger\u00fcstet. Ob Wochenendeinkauf oder Kinderbef\u00f6rderung: Der lange Gep\u00e4cktr\u00e4ger sowie ein optional erh\u00e4ltlicher Fronttr\u00e4ger bieten viel Spielraum beim Beladen, zumal das zul\u00e4ssige Gesamtgewicht \u00fcppige 180 Kilo betr\u00e4gt. Dank kompakten Ma\u00dfen und 20 Zoll Laufr\u00e4dern ist das Familiano dabei ausgesprochen leicht fahrbar und angenehm wendig \u2013 genau richtig also f\u00fcr den Stadtverkehr. Der Bosch Cargo Line Cruise Motor schiebt auch bei maximaler Beladung kr\u00e4ftig an und ist dank 500 Wh Akku f\u00fcr lange Strecken gut; erg\u00e4nzt wird er durch die stufenlose, integrierte ENVIOLO-Getriebenabe mit komfortabler Bedienung. Die volumin\u00f6sen Reifen sorgen daf\u00fcr, dass auch ohne Federung der Komfort stimmt. Gerade mit Gep\u00e4ck oder Kindersitz erleichtert ein solider Zweibeinst\u00e4nder das Handling; der helle 70 Lux Strahler sorgt f\u00fcr Sicherheit.<\/div>\n<\/div>\n<p>&nbsp;<\/p>\n<div class=\"title\">\n<div class=\"title\">\n<div class=\"title\">\n<div class=\"cms-component headline-component\">\n<div class=\"cms-component headline-component\">\n<h2 class=\"font-sans rfs-text text-2xl text-black uppercase leading-tight text-center\">SPEZIFIKATIONEN<\/h2>\n<\/div>\n<div class=\"cms-component product-variant-specs-component\">\n<div class=\"w-full pb-4\">\n<div class=\"content-wrapper relative auto-height\">\n<div class=\"spec-row row no-gutters\">\n<div class=\"spec-label-col col w-full md:w-4\/12 md:ml-1\/12\"><span class=\"spec-label\">MOTOR\u00a0 \u00a0Bosch Cargo Line Cruise 25\/85Nm<\/span><\/div>\n<\/div>\n<div class=\"spec-row row no-gutters\">\n<div class=\"spec-label-col col w-full md:w-4\/12 md:ml-1\/12\"><span class=\"spec-label\">MOTORTYP\u00a0 Mittelmotor<\/span><\/div>\n<\/div>\n<div class=\"spec-row row no-gutters\">\n<div class=\"spec-label-col col w-full md:w-4\/12 md:ml-1\/12\"><span class=\"spec-label\">MOTORUNTERST\u00dcTZUNG\u00a0 \u00a0<\/span><span class=\"spec-value\">bis 25 km\/h<\/span><\/div>\n<\/div>\n<div class=\"spec-row row no-gutters\">\n<div class=\"spec-label-col col w-full md:w-4\/12 md:ml-1\/12\"><span class=\"spec-label\">AKKU\u00a0 \u00a0Bosch PowerPack 500 Wh<\/span><\/div>\n<\/div>\n<div class=\"spec-row row no-gutters\">\n<div class=\"spec-label-col col w-full md:w-4\/12 md:ml-1\/12\"><span class=\"spec-label\">DISPLAY\u00a0 \u00a0Bosch Purion LCD<\/span><\/div>\n<\/div>\n<div class=\"spec-row row no-gutters\">\n<div class=\"spec-label-col col w-full md:w-4\/12 md:ml-1\/12\"><span class=\"spec-label\">RAHMENMATERIAL\u00a0 \u00a0<\/span><span class=\"spec-value\">Aluminium<\/span><\/div>\n<\/div>\n<div class=\"spec-row row no-gutters\">\n<div class=\"spec-label-col col w-full md:w-4\/12 md:ml-1\/12\"><span class=\"spec-label\">GABEL\u00a0 \u00a0Rigid fork<\/span><\/div>\n<\/div>\n<div class=\"spec-row row no-gutters\">\n<div class=\"spec-label-col col w-full md:w-4\/12 md:ml-1\/12\"><span class=\"spec-label\"><span class=\"spec-label\">SCHALTUNGSART\u00a0 \u00a0stufenlose Nabenschaltung<\/span><\/span><\/div>\n<\/div>\n<div class=\"spec-row row no-gutters\">\n<div class=\"spec-label-col col w-full md:w-4\/12 md:ml-1\/12\"><span class=\"spec-label\">SCHALTHEBEL\u00a0 \u00a0ENVIOLO SP Manual Controller<\/span><\/div>\n<\/div>\n<div class=\"spec-row row no-gutters\">\n<div class=\"spec-label-col col w-full md:w-4\/12 md:ml-1\/12\"><span class=\"spec-label\">KURBELGARNITUR\u00a0 \u00a0 FSA CK-200<\/span><\/div>\n<\/div>\n<div class=\"spec-row row no-gutters\">\n<div class=\"spec-label-col col w-full md:w-4\/12 md:ml-1\/12\"><span class=\"spec-label\">RADGR\u00d6SS\u00a0 \u00a0<\/span><span class=\"spec-value\">20 Zoll<\/span><\/div>\n<\/div>\n<div class=\"spec-row row no-gutters\">\n<div class=\"spec-label-col col w-full md:w-4\/12 md:ml-1\/12\"><span class=\"spec-label\">BEREIFUNG\u00a0 \u00a0SCHWALBE Super Moto-X GG<\/span><\/div>\n<\/div>\n<div class=\"spec-row row no-gutters\">\n<div class=\"spec-label-col col w-full md:w-4\/12 md:ml-1\/12\"><span class=\"spec-label\">REIFENGR\u00d6SSE (ETRTO)\u00a0 \u00a062-406<\/span><\/div>\n<\/div>\n<div class=\"spec-row row no-gutters\">\n<div class=\"spec-label-col col w-full md:w-4\/12 md:ml-1\/12\"><span class=\"spec-label\">REIFENGR\u00d6SSE (ZOLL)\u00a0 \u00a020&#215;2.40<\/span><\/div>\n<\/div>\n<div class=\"spec-row row no-gutters\">\n<div class=\"spec-label-col col w-full md:w-4\/12 md:ml-1\/12\"><span class=\"spec-label\">FELGE HINTEN\u00a0 \u00a0RYDE Andra 40 (20\u201d)<\/span><\/div>\n<\/div>\n<div class=\"spec-row row no-gutters\">\n<div class=\"spec-label-col col w-full md:w-4\/12 md:ml-1\/12\"><span class=\"spec-label\">FELGE\u00a0 \u00a0RYDE Andra 40 \/ 20<\/span><\/div>\n<\/div>\n<div class=\"spec-row row no-gutters\">\n<div class=\"spec-label-col col w-full md:w-4\/12 md:ml-1\/12\"><span class=\"spec-label\">SPEICHEN\u00a0 \u00a0<\/span><span class=\"spec-value\">Spoke 2.0 blk<\/span><\/div>\n<\/div>\n<div class=\"spec-row row no-gutters\">\n<div class=\"spec-label-col col w-full md:w-4\/12 md:ml-1\/12\"><span class=\"spec-label\">NABE\u00a0 \u00a0FORMULA DC-91QR<\/span><\/div>\n<\/div>\n<div class=\"spec-row row no-gutters\">\n<div class=\"spec-label-col col w-full md:w-4\/12 md:ml-1\/12\"><span class=\"spec-label\">NABE (HINTERRAD)\u00a0 \u00a0Nuvinci ENVIOLO SP CVP<\/span><\/div>\n<\/div>\n<div class=\"spec-row row no-gutters\">\n<div class=\"spec-label-col col w-full md:w-4\/12 md:ml-1\/12\"><span class=\"spec-label\">LENKER\u00a0 \u00a0SATORI Alloy<\/span><\/div>\n<\/div>\n<div class=\"spec-row row no-gutters\">\n<div class=\"spec-label-col col w-full md:w-4\/12 md:ml-1\/12\"><span class=\"spec-label\">VORBAU\u00a0 \u00a0SATORI Up2+<\/span><\/div>\n<\/div>\n<div class=\"spec-row row no-gutters\">\n<div class=\"spec-label-col col w-full md:w-4\/12 md:ml-1\/12\"><span class=\"spec-label\">PEDALE\u00a0 \u00a0 <\/span><span class=\"spec-value\">ZECURE VP-658<\/span><\/div>\n<\/div>\n<div class=\"spec-row row no-gutters\">\n<div class=\"spec-label-col col w-full md:w-4\/12 md:ml-1\/12\"><span class=\"spec-label\">SATTEL\u00a0 \u00a0Selle Royale Look In<\/span><\/div>\n<\/div>\n<div class=\"spec-row row no-gutters\">\n<div class=\"spec-label-col col w-full md:w-4\/12 md:ml-1\/12\"><span class=\"spec-label\">SATTELST\u00dcTZE\u00a0 \u00a0KALLOY SP-HD001 31.6mm<\/span><\/div>\n<\/div>\n<div class=\"spec-row row no-gutters\">\n<div class=\"spec-label-col col w-full md:w-4\/12 md:ml-1\/12\"><span class=\"spec-label\">BREMSTYP\u00a0 \u00a0<\/span><span class=\"spec-value\">Hydraulische Scheibenbremse<\/span><\/div>\n<\/div>\n<div class=\"spec-row row no-gutters\">\n<div class=\"spec-label-col col w-full md:w-4\/12 md:ml-1\/12\"><span class=\"spec-label\">BREMSE\u00a0 \u00a0 MAGURA MT5\/4 Kolben<\/span><\/div>\n<\/div>\n<div class=\"spec-row row no-gutters\">\n<div class=\"spec-label-col col w-full md:w-4\/12 md:ml-1\/12\"><span class=\"spec-label\">BREMSE HINTEN\u00a0 \u00a0 MAGURA MT4 \/ 2-piston<\/span><\/div>\n<\/div>\n<div class=\"spec-row row no-gutters\">\n<div class=\"spec-label-col col w-full md:w-4\/12 md:ml-1\/12\"><span class=\"spec-label\">FRONTLEUCHTE\u00a0 \u00a0FUXON F-170, 70 lux<\/span><\/div>\n<\/div>\n<div class=\"spec-row row no-gutters\">\n<div class=\"spec-label-col col w-full md:w-4\/12 md:ml-1\/12\"><span class=\"spec-label\">R\u00dcCKLEUCHTE\u00a0 \u00a0FUXON RL-Mini EB<\/span><\/div>\n<\/div>\n<div class=\"spec-row row no-gutters\">\n<div class=\"spec-label-col col w-full md:w-4\/12 md:ml-1\/12\"><span class=\"spec-label\">SCHUTZBLECHE\u00a0 \u00a0SKS CAB<\/span><\/div>\n<\/div>\n<div class=\"spec-row row no-gutters\">\n<div class=\"spec-label-col col w-full md:w-4\/12 md:ml-1\/12\"><span class=\"spec-label\">GEP\u00c4CKTR\u00c4GER\u00a0 \u00a0<\/span><span class=\"spec-value\">IRack 2<\/span><\/div>\n<\/div>\n<div class=\"spec-row row no-gutters\">\n<div class=\"spec-label-col col w-full md:w-4\/12 md:ml-1\/12\"><span class=\"spec-label\">ZUL\u00c4SSIGES GESAMTGEWICHT\u00a0 \u00a0<\/span><span class=\"spec-value\">180,0 kg<\/span><\/div>\n<\/div>\n<\/div>\n<\/div>\n<\/div>\n<\/div>\n<\/div>\n<\/div>\n<\/div>","protected":false},"excerpt":{"rendered":"<p class=\"content--title\"><strong>Kettler Quadriga DUO E-TR BELT<\/strong><\/p>\n<div class=\"product--description\"><\/div>\n<div class=\"product--properties panel has--border\">\n<table class=\"product--properties-table\">\n<tbody>\n<tr class=\"product--properties-row\">\n<td class=\"product--properties-label is--bold\">Farbe:<\/td>\n<td class=\"product--properties-value\">dunkelgrau shiny<\/td>\n<\/tr>\n<tr class=\"product--properties-row\">\n<td class=\"product--properties-label is--bold\">Gabel:<\/td>\n<td class=\"product--properties-value\"><span class=\"spec-label\">SR SUNTOUR XCR34, Air<\/span><\/td>\n<\/tr>\n<tr class=\"product--properties-row\">\n<td class=\"product--properties-label is--bold\">Antrieb:<\/td>\n<td class=\"product--properties-value\"><span class=\"spec-label\">Bosch Cargo Line Cruise 25\/85Nm<\/span><\/td>\n<\/tr>\n<tr class=\"product--properties-row\">\n<td class=\"product--properties-label is--bold\">Akku:<\/td>\n<td class=\"product--properties-value\"><span class=\"spec-label\">Bosch PowerPack 500 Wh<\/span><\/td>\n<\/tr>\n<tr class=\"product--properties-row\">\n<td class=\"product--properties-label is--bold\">Bremsen:<\/td>\n<td class=\"product--properties-value\"><span class=\"spec-label\">MAGURA MT5\/4 Kolben<\/span><\/td>\n<\/tr>\n<tr class=\"product--properties-row\">\n<td class=\"product--properties-label is--bold\">Schaltungsart:<\/td>\n<td class=\"product--properties-value\"><span class=\"spec-label\">stufenlose Nabenschaltung<\/span><\/td>\n<\/tr>\n<tr class=\"product--properties-row\">\n<td class=\"product--properties-label is--bold\"><\/td>\n<td class=\"product--properties-value\"><\/td>\n<\/tr>\n<\/tbody>\n<\/table>\n<\/div>","protected":false},"featured_media":7391,"comment_status":"open","ping_status":"closed","template":"","meta":[],"product_brand":[],"product_cat":[41,28,25],"product_tag":[],"class_list":{"0":"post-7384","1":"product","2":"type-product","3":"status-publish","4":"has-post-thumbnail","6":"product_cat-city-urban","7":"product_cat-e-bike","8":"product_cat-neu","10":"entry","11":"has-media","13":"first","14":"instock","15":"taxable","16":"shipping-taxable","17":"purchasable","18":"product-type-variable","19":"has-product-nav","20":"col","21":"span_1_of_3","22":"owp-content-center","23":"owp-thumbs-layout-horizontal","24":"owp-btn-normal","25":"owp-tabs-layout-horizontal","26":"has-no-thumbnails"},"_links":{"self":[{"href":"https:\/\/www.wemovenow.com\/en\/wp-json\/wp\/v2\/product\/7384","targetHints":{"allow":["GET"]}}],"collection":[{"href":"https:\/\/www.wemovenow.com\/en\/wp-json\/wp\/v2\/product"}],"about":[{"href":"https:\/\/www.wemovenow.com\/en\/wp-json\/wp\/v2\/types\/product"}],"replies":[{"embeddable":true,"href":"https:\/\/www.wemovenow.com\/en\/wp-json\/wp\/v2\/comments?post=7384"}],"version-history":[{"count":3,"href":"https:\/\/www.wemovenow.com\/en\/wp-json\/wp\/v2\/product\/7384\/revisions"}],"predecessor-version":[{"id":7390,"href":"https:\/\/www.wemovenow.com\/en\/wp-json\/wp\/v2\/product\/7384\/revisions\/7390"}],"wp:featuredmedia":[{"embeddable":true,"href":"https:\/\/www.wemovenow.com\/en\/wp-json\/wp\/v2\/media\/7391"}],"wp:attachment":[{"href":"https:\/\/www.wemovenow.com\/en\/wp-json\/wp\/v2\/media?parent=7384"}],"wp:term":[{"taxonomy":"product_brand","embeddable":true,"href":"https:\/\/www.wemovenow.com\/en\/wp-json\/wp\/v2\/product_brand?post=7384"},{"taxonomy":"product_cat","embeddable":true,"href":"https:\/\/www.wemovenow.com\/en\/wp-json\/wp\/v2\/product_cat?post=7384"},{"taxonomy":"product_tag","embeddable":true,"href":"https:\/\/www.wemovenow.com\/en\/wp-json\/wp\/v2\/product_tag?post=7384"}],"curies":[{"name":"wp","href":"https:\/\/api.w.org\/{rel}","templated":true}]}}