{"id":7366,"date":"2022-09-18T12:51:24","date_gmt":"2022-09-18T10:51:24","guid":{"rendered":"https:\/\/www.wemovenow.com\/?post_type=product&#038;p=7366"},"modified":"2022-09-18T13:33:58","modified_gmt":"2022-09-18T11:33:58","slug":"e-bike-kettler-quadriga-duo-e-tr-belt","status":"publish","type":"product","link":"https:\/\/www.wemovenow.com\/en\/product\/e-bike-kettler-quadriga-duo-e-tr-belt\/","title":{"rendered":"E-Bike Kettler Quadriga DUO E-TR BELT"},"content":{"rendered":"<p>Mit zwei PowerTube-Akkus, formsch\u00f6n ins Unterrohr integriert, ist das QUADRIGA DUO E-TR BELT in Sachen Reichweite kaum zu schlagen. Die Speichereinheit mit 1250 Wattstunden versorgt den starken Bosch Performance Line CX; die Motorsteuerung erfolgt \u00fcber das Kiox Farbdisplay mit umfangreichen Konnektivit\u00e4tsfunktionen. F\u00fcr hohen Komfort sorgen 100 mm Federgabel sowie eine gefederte und zugleich absenkbare Sattelst\u00fctze (Eurobike Award Gewinner 2019), ebenso die stufenlose ENVIOLO Schaltung mit extrem wartungsarmem Riemenantrieb. Die standfesten Vierkolben-Scheibenbremsen kommen von SHIMANO.<\/p>\n<p>&nbsp;<\/p>\n<div class=\"title\">\n<div class=\"title\">\n<div class=\"title\">\n<div class=\"cms-component headline-component\">\n<div class=\"cms-component headline-component\">\n<h2 class=\"font-sans rfs-text text-2xl text-black uppercase leading-tight text-center\">SPEZIFIKATIONEN<\/h2>\n<\/div>\n<div class=\"cms-component product-variant-specs-component\">\n<div class=\"w-full pb-4\">\n<div class=\"content-wrapper relative auto-height\">\n<div>\n<div class=\"spec-row row no-gutters\">\n<div class=\"spec-label-col col w-full md:w-4\/12 md:ml-1\/12\"><span class=\"spec-label\">MOTOR\u00a0 Bosch Performance Line CX 25\/85Nm<\/span><\/div>\n<\/div>\n<div class=\"spec-row row no-gutters\">\n<div class=\"spec-label-col col w-full md:w-4\/12 md:ml-1\/12\"><span class=\"spec-label\">MOTORTYP\u00a0 \u00a0Mittelmotor<\/span><\/div>\n<\/div>\n<div class=\"spec-row row no-gutters\">\n<div class=\"spec-label-col col w-full md:w-4\/12 md:ml-1\/12\"><span class=\"spec-label\">MOTORUNTERST\u00dcTZUNG\u00a0 \u00a0<\/span><span class=\"spec-value\">bis 25 km\/h<\/span><\/div>\n<\/div>\n<div class=\"spec-row row no-gutters\">\n<div class=\"spec-label-col col w-full md:w-4\/12 md:ml-1\/12\"><span class=\"spec-label\">AKKU\u00a0 \u00a02x Bosch PowerTube 625<\/span><\/div>\n<\/div>\n<div class=\"spec-row row no-gutters\">\n<div class=\"spec-label-col col w-full md:w-4\/12 md:ml-1\/12\"><span class=\"spec-label\">DISPLAY\u00a0 \u00a0Bosch Kiox<\/span><\/div>\n<\/div>\n<div class=\"spec-row row no-gutters\">\n<div class=\"spec-label-col col w-full md:w-4\/12 md:ml-1\/12\"><span class=\"spec-label\">RAHMENMATERIAL\u00a0 \u00a0<\/span><span class=\"spec-value\">Aluminium<\/span><\/div>\n<\/div>\n<div class=\"spec-row row no-gutters\">\n<div class=\"spec-label-col col w-full md:w-4\/12 md:ml-1\/12\"><span class=\"spec-label\">GABEL\u00a0 \u00a0 SR SUNTOUR XCR34, Air<\/span><\/div>\n<\/div>\n<div class=\"spec-row row no-gutters\">\n<div class=\"spec-label-col col w-full md:w-4\/12 md:ml-1\/12\"><span class=\"spec-label\">FEDERWEG (VORNE)\u00a0 \u00a010<\/span><span class=\"spec-value\">0,0 mm<\/span><\/div>\n<\/div>\n<div class=\"spec-row row no-gutters\">\n<div class=\"spec-label-col col w-full md:w-4\/12 md:ml-1\/12\"><span class=\"spec-label\">SCHALTUNGSART\u00a0 \u00a0stufenlose Nabenschaltung<\/span><\/div>\n<\/div>\n<div class=\"spec-row row no-gutters\">\n<div class=\"spec-label-col col w-full md:w-4\/12 md:ml-1\/12\"><span class=\"spec-label\">SCHALTHEBEL\u00a0 \u00a0ENVIOLO Twist Pure<\/span><\/div>\n<\/div>\n<div class=\"spec-row row no-gutters\">\n<div class=\"spec-label-col col w-full md:w-4\/12 md:ml-1\/12\"><span class=\"spec-label\">KURBELGARNITUR\u00a0 \u00a0 FSA CK-320<\/span><\/div>\n<\/div>\n<div class=\"spec-row row no-gutters\">\n<div class=\"spec-label-col col w-full md:w-4\/12 md:ml-1\/12\"><span class=\"spec-label\">ZAHNRIEMEN\u00a0 \u00a0GATES \u00ae CDX 122T black\/ black<\/span><\/div>\n<\/div>\n<div class=\"spec-row row no-gutters\">\n<div class=\"spec-label-col col w-full md:w-4\/12 md:ml-1\/12\"><span class=\"spec-label\">RADGR\u00d6SS\u00a0 \u00a0<\/span><span class=\"spec-value\">29 Zoll<\/span><\/div>\n<\/div>\n<div class=\"spec-row row no-gutters\">\n<div class=\"spec-label-col col w-full md:w-4\/12 md:ml-1\/12\"><span class=\"spec-label\">BEREIFUNG\u00a0 \u00a0SUPERO All Ground<\/span><\/div>\n<\/div>\n<div class=\"spec-row row no-gutters\">\n<div class=\"spec-label-col col w-full md:w-4\/12 md:ml-1\/12\"><span class=\"spec-label\">REIFENGR\u00d6SSE (ETRTO)\u00a0 \u00a062-622<\/span><\/div>\n<\/div>\n<div class=\"spec-row row no-gutters\">\n<div class=\"spec-label-col col w-full md:w-4\/12 md:ml-1\/12\"><span class=\"spec-label\">REIFENGR\u00d6SSE (ZOLL)\u00a0 \u00a029&#215;2.45<\/span><\/div>\n<\/div>\n<div class=\"spec-row row no-gutters\">\n<div class=\"spec-label-col col w-full md:w-4\/12 md:ml-1\/12\"><span class=\"spec-label\">FELGE HINTEN\u00a0 \u00a0RODI Tryp 35<\/span><\/div>\n<\/div>\n<div class=\"spec-row row no-gutters\">\n<div class=\"spec-label-col col w-full md:w-4\/12 md:ml-1\/12\"><span class=\"spec-label\">FELGE\u00a0 \u00a0RODI Tryp 35<\/span><\/div>\n<\/div>\n<div class=\"spec-row row no-gutters\">\n<div class=\"spec-label-col col w-full md:w-4\/12 md:ml-1\/12\"><span class=\"spec-label\">SPEICHEN\u00a0 \u00a0<\/span><span class=\"spec-value\">Spoke 2.0 blk<\/span><\/div>\n<\/div>\n<div class=\"spec-row row no-gutters\">\n<div class=\"spec-label-col col w-full md:w-4\/12 md:ml-1\/12\"><span class=\"spec-label\">NABE\u00a0 \u00a0SHIMANO HB-MT400-B<\/span><\/div>\n<\/div>\n<div class=\"spec-row row no-gutters\">\n<div class=\"spec-label-col col w-full md:w-4\/12 md:ml-1\/12\"><span class=\"spec-label\">NABE (HINTERRAD)\u00a0 \u00a0ENVIOLO TRE<\/span><\/div>\n<\/div>\n<div class=\"spec-row row no-gutters\">\n<div class=\"spec-label-col col w-full md:w-4\/12 md:ml-1\/12\"><span class=\"spec-label\">LENKER\u00a0 \u00a0Noir MTB 15\u00b0<\/span><\/div>\n<\/div>\n<div class=\"spec-row row no-gutters\">\n<div class=\"spec-label-col col w-full md:w-4\/12 md:ml-1\/12\"><span class=\"spec-label\">VORBAU\u00a0 \u00a0SATORI All Up<\/span><\/div>\n<\/div>\n<div class=\"spec-row row no-gutters\">\n<div class=\"spec-label-col col w-full md:w-4\/12 md:ml-1\/12\"><span class=\"spec-label\">PEDALE\u00a0 \u00a0 <\/span><span class=\"spec-value\">ZECURE VP-658<\/span><\/div>\n<\/div>\n<div class=\"spec-row row no-gutters\">\n<div class=\"spec-label-col col w-full md:w-4\/12 md:ml-1\/12\"><span class=\"spec-label\">SATTEL\u00a0 \u00a0ZECURE M VL-3561<\/span><\/div>\n<\/div>\n<div class=\"spec-row row no-gutters\">\n<div class=\"spec-label-col col w-full md:w-4\/12 md:ml-1\/12\"><span class=\"spec-label\">SATTELST\u00dcTZE\u00a0 \u00a0LIMOTEC A3Z suspension dropper post (140&#215;34,9mm)<\/span><\/div>\n<\/div>\n<div class=\"spec-row row no-gutters\">\n<div class=\"spec-label-col col w-full md:w-4\/12 md:ml-1\/12\"><span class=\"spec-label\">BREMSTYP\u00a0 \u00a0<\/span><span class=\"spec-value\">Hydraulische Scheibenbremse<\/span><\/div>\n<\/div>\n<div class=\"spec-row row no-gutters\">\n<div class=\"spec-label-col col w-full md:w-4\/12 md:ml-1\/12\"><span class=\"spec-label\">BREMSE\u00a0 \u00a0SHIMANO BR-MT420 \/ 4-piston<\/span><\/div>\n<\/div>\n<div class=\"spec-row row no-gutters\">\n<div class=\"spec-label-col col w-full md:w-4\/12 md:ml-1\/12\"><span class=\"spec-label\">BREMSE HINTEN\u00a0 \u00a0SHIMANO BR-MT420 \/ 4-piston<\/span><\/div>\n<\/div>\n<div class=\"spec-row row no-gutters\">\n<div class=\"spec-label-col col w-full md:w-4\/12 md:ml-1\/12\"><span class=\"spec-label\">FRONTLEUCHTE\u00a0 \u00a0FUXON FF-100 EB \/WB10, 100 lux<\/span><\/div>\n<\/div>\n<div class=\"spec-row row no-gutters\">\n<div class=\"spec-label-col col w-full md:w-4\/12 md:ml-1\/12\"><span class=\"spec-label\">R\u00dcCKLEUCHTE\u00a0 \u00a0FUXON R-Glow EB<\/span><\/div>\n<\/div>\n<div class=\"spec-row row no-gutters\">\n<div class=\"spec-label-col col w-full md:w-4\/12 md:ml-1\/12\"><span class=\"spec-label\">SCHUTZBLECHE\u00a0 \u00a0Curana Apollo 70<\/span><\/div>\n<\/div>\n<div class=\"spec-row row no-gutters\">\n<div class=\"spec-label-col col w-full md:w-4\/12 md:ml-1\/12\"><span class=\"spec-label\">GEP\u00c4CKTR\u00c4GER\u00a0 \u00a0<\/span><span class=\"spec-value\">IRack 2<\/span><\/div>\n<\/div>\n<div class=\"spec-row row no-gutters\">\n<div class=\"spec-label-col col w-full md:w-4\/12 md:ml-1\/12\"><span class=\"spec-label\">ZUL\u00c4SSIGES GESAMTGEWICHT\u00a0 \u00a0<\/span><span class=\"spec-value\">150,0 kg<\/span><\/div>\n<\/div>\n<\/div>\n<\/div>\n<\/div>\n<\/div>\n<\/div>\n<\/div>\n<\/div>\n<\/div>","protected":false},"excerpt":{"rendered":"<p class=\"content--title\"><strong>Kettler Quadriga DUO E-TR BELT<\/strong><\/p>\n<div class=\"product--description\"><\/div>\n<div class=\"product--properties panel has--border\">\n<table class=\"product--properties-table\">\n<tbody>\n<tr class=\"product--properties-row\">\n<td class=\"product--properties-label is--bold\">Farbe:<\/td>\n<td class=\"product--properties-value\">Schwarz chrome<\/td>\n<\/tr>\n<tr class=\"product--properties-row\">\n<td class=\"product--properties-label is--bold\">Gabel:<\/td>\n<td class=\"product--properties-value\"><span class=\"spec-label\">SR SUNTOUR XCR34, Air<\/span><\/td>\n<\/tr>\n<tr class=\"product--properties-row\">\n<td class=\"product--properties-label is--bold\">Antrieb:<\/td>\n<td class=\"product--properties-value\"><span class=\"spec-label\">Bosch Performance Line CX 25\/85Nm<\/span><\/td>\n<\/tr>\n<tr class=\"product--properties-row\">\n<td class=\"product--properties-label is--bold\">Akku:<\/td>\n<td class=\"product--properties-value\"><span class=\"spec-label\">2x Bosch PowerTube 625Wh<\/span><\/td>\n<\/tr>\n<tr class=\"product--properties-row\">\n<td class=\"product--properties-label is--bold\">Bremsen:<\/td>\n<td class=\"product--properties-value\"><span class=\"spec-label\">SHIMANO BR-MT420 \/ 4-piston<\/span><\/td>\n<\/tr>\n<tr class=\"product--properties-row\">\n<td class=\"product--properties-label is--bold\">Schaltwerk:<\/td>\n<td class=\"product--properties-value\">ENVIOLO Twist Pure<\/td>\n<\/tr>\n<tr class=\"product--properties-row\">\n<td class=\"product--properties-label is--bold\"><\/td>\n<td class=\"product--properties-value\"><\/td>\n<\/tr>\n<\/tbody>\n<\/table>\n<\/div>","protected":false},"featured_media":7373,"comment_status":"open","ping_status":"closed","template":"","meta":[],"product_brand":[],"product_cat":[41,28,25,42],"product_tag":[],"class_list":{"0":"post-7366","1":"product","2":"type-product","3":"status-publish","4":"has-post-thumbnail","6":"product_cat-city-urban","7":"product_cat-e-bike","8":"product_cat-neu","9":"product_cat-trekking","11":"entry","12":"has-media","14":"first","15":"instock","16":"taxable","17":"shipping-taxable","18":"purchasable","19":"product-type-variable","20":"has-product-nav","21":"col","22":"span_1_of_3","23":"owp-content-center","24":"owp-thumbs-layout-horizontal","25":"owp-btn-normal","26":"owp-tabs-layout-horizontal","27":"has-no-thumbnails"},"_links":{"self":[{"href":"https:\/\/www.wemovenow.com\/en\/wp-json\/wp\/v2\/product\/7366","targetHints":{"allow":["GET"]}}],"collection":[{"href":"https:\/\/www.wemovenow.com\/en\/wp-json\/wp\/v2\/product"}],"about":[{"href":"https:\/\/www.wemovenow.com\/en\/wp-json\/wp\/v2\/types\/product"}],"replies":[{"embeddable":true,"href":"https:\/\/www.wemovenow.com\/en\/wp-json\/wp\/v2\/comments?post=7366"}],"version-history":[{"count":4,"href":"https:\/\/www.wemovenow.com\/en\/wp-json\/wp\/v2\/product\/7366\/revisions"}],"predecessor-version":[{"id":7393,"href":"https:\/\/www.wemovenow.com\/en\/wp-json\/wp\/v2\/product\/7366\/revisions\/7393"}],"wp:featuredmedia":[{"embeddable":true,"href":"https:\/\/www.wemovenow.com\/en\/wp-json\/wp\/v2\/media\/7373"}],"wp:attachment":[{"href":"https:\/\/www.wemovenow.com\/en\/wp-json\/wp\/v2\/media?parent=7366"}],"wp:term":[{"taxonomy":"product_brand","embeddable":true,"href":"https:\/\/www.wemovenow.com\/en\/wp-json\/wp\/v2\/product_brand?post=7366"},{"taxonomy":"product_cat","embeddable":true,"href":"https:\/\/www.wemovenow.com\/en\/wp-json\/wp\/v2\/product_cat?post=7366"},{"taxonomy":"product_tag","embeddable":true,"href":"https:\/\/www.wemovenow.com\/en\/wp-json\/wp\/v2\/product_tag?post=7366"}],"curies":[{"name":"wp","href":"https:\/\/api.w.org\/{rel}","templated":true}]}}