{"id":7343,"date":"2022-09-18T11:04:14","date_gmt":"2022-09-18T09:04:14","guid":{"rendered":"https:\/\/www.wemovenow.com\/?post_type=product&#038;p=7343"},"modified":"2022-09-18T11:12:30","modified_gmt":"2022-09-18T09:12:30","slug":"e-bike-thok-mig-ht-r","status":"publish","type":"product","link":"https:\/\/www.wemovenow.com\/en\/product\/e-bike-thok-mig-ht-r\/","title":{"rendered":"E-Bike Thok MIG HT-R"},"content":{"rendered":"<p>Dieses E-Bike ist f\u00fcr diejenigen gedacht, die nicht nur das sportliche Erlebnis suchen, sondern beim Mountainbiken insbesondere den nahen Kontakt zur Natur genie\u00dfen, ohne dabei auf hohe Qualit\u00e4t und Leistung ihres Bikes verzichten zu wollen.<\/p>\n<p>SHIMANO E7000-Antrieb mit halbintegriertem 504Wh und Abdeckung mit der \u201eQuick Release\u201c, RockShox-Recon RL mit 120mm Federweg, MAXXIS 29\u201dx 2.6-Reifen, GuideT 200\/180 Scheibenbremsen und Sram NX 11v-Schaltung sind die Bauteile, Sattelst\u00fctze teleskopichen die dem E-Hardtail MIG HT-R\u00a0seine Klasse und Vielseitigkeit verleihen.<\/p>\n<p>Dieses E-Bike ist bei exzellenter Lenkbarkeit und Reaktivit\u00e4t auf Single Tracks nicht nur das ideale Gef\u00e4hrt f\u00fcr Touren au\u00dferhalb der Stadt, sondern l\u00e4sst sich mit dem Tourer-Kit, das als Zubeh\u00f6r hinzugekauft werden kann, und dank des neuen Designs von Aldo Drudi in das ideale Verkehrsmittel verwandeln, um sich beim t\u00e4glichen Pendeln zur Arbeit oder Uni durch den urbanen Stra\u00dfenverkehr zu schl\u00e4ngeln.<\/p>\n<p>&nbsp;<\/p>\n<div class=\"title\">\n<div class=\"title\">\n<div class=\"title\">\n<h2>TECHNISCHE SPEZIFIKATIONEN<\/h2>\n<\/div>\n<div class=\"text\">\n<table class=\"specs\">\n<tbody>\n<tr>\n<td>Rahmen<\/td>\n<td>Hydroformed Aluminium Rahmen 6061 T6, geschmiedete und CNC Teile<\/td>\n<\/tr>\n<tr>\n<td>Rahmengr\u00f6\u00dfe<\/td>\n<td>4 Gr\u00f6\u00dfen &#8211; S &#8211; M &#8211; L &#8211; XL<\/td>\n<\/tr>\n<tr>\n<td>Motor und Batterie<\/td>\n<td>SHIMANO STEPS E7000 &#8211; 60 Nm (250W) waterproof battery 504 Wh<\/td>\n<\/tr>\n<tr>\n<td>Display und Steuerung<\/td>\n<td>Cyclo Computer SC-E7000<\/td>\n<\/tr>\n<tr>\n<td>Gabel<\/td>\n<td>RockShox &#8211; RECON RL ,29&#8243;, Boost, 120 mm<\/td>\n<\/tr>\n<tr>\n<td>Scheibenbremsen<\/td>\n<td>SRAM &#8211; GUIDE T , hydraulic disk , 200\/180mm<\/td>\n<\/tr>\n<tr>\n<td>Schaltwerk<\/td>\n<td>SRAM NX<\/td>\n<\/tr>\n<tr>\n<td>Schaltung<\/td>\n<td>SRAM NX<\/td>\n<\/tr>\n<tr>\n<td>Kassette<\/td>\n<td>SRAM NX 11S<\/td>\n<\/tr>\n<tr>\n<td>Kette<\/td>\n<td>SRAM NX 11S<\/td>\n<\/tr>\n<tr>\n<td>Kurbeln<\/td>\n<td>FSA 34Z\u00a0Kettenrad<\/td>\n<\/tr>\n<tr>\n<td>Laufr\u00e4der<\/td>\n<td>Thok mit Novatec Nabe<\/td>\n<\/tr>\n<tr>\n<td>Vorbau<\/td>\n<td>THOK 60 mm<\/td>\n<\/tr>\n<tr>\n<td>Lenker<\/td>\n<td>THOK Oversize 31.8 mm, 760 mm wide<\/td>\n<\/tr>\n<tr>\n<td>Griffe<\/td>\n<td>THOK &#8211; Lock-On grip<\/td>\n<\/tr>\n<tr>\n<td>Reifen<\/td>\n<td>Maxxis &#8211; DISSECTOR 29&#215;2.60<\/td>\n<\/tr>\n<tr>\n<td>Sattelst\u00fctze<\/td>\n<td>THOK telescopic dropper post (125mm size S &#8211; 150mm size M &#8211; 170mm sizes L and XL)<\/td>\n<\/tr>\n<tr>\n<td>Sattel<\/td>\n<td>THOK &#8211; Fit in Chrom<\/td>\n<\/tr>\n<tr>\n<td>Pedale<\/td>\n<td>Polyethylen<\/td>\n<\/tr>\n<tr>\n<td>KIT Tourer<\/td>\n<td>Dieser KIT kann zus\u00e4tzlich zum E-MTB im Online-Shop erworben werden. Der KIT beinhaltet: Kotfl\u00fcgel, hinteren Gep\u00e4cktr\u00e4ger, Lichtanlage, Seitenst\u00e4nder und den Stra\u00dfenreifen Big Ben von Schwalbe in der Gr\u00f6\u00dfe 29\u201dx2.15<\/td>\n<\/tr>\n<\/tbody>\n<\/table>\n<p>&nbsp;<\/p>\n<p>THOK besitzt das Recht die Spezifikation ihrer Fahrr\u00e4der ohne Benachrichtigung jederzeit zu \u00e4ndern.<\/p>\n<\/div>\n<\/div>\n<\/div>","protected":false},"excerpt":{"rendered":"<p class=\"content--title\"><strong>Thok MIG630<br \/>\n<\/strong><\/p>\n<div class=\"product--description\"><\/div>\n<div class=\"product--properties panel has--border\">\n<table class=\"product--properties-table\">\n<tbody>\n<tr class=\"product--properties-row\">\n<td class=\"product--properties-label is--bold\">Farbe:<\/td>\n<td class=\"product--properties-value\">Silber &#8211; Schwarz<\/td>\n<\/tr>\n<tr class=\"product--properties-row\">\n<td class=\"product--properties-label is--bold\">Gabel:<\/td>\n<td class=\"product--properties-value\">RockShox &#8211; RECON RL ,29&#8243;, Boost, 120 mm<\/td>\n<\/tr>\n<tr class=\"product--properties-row\">\n<td class=\"product--properties-label is--bold\">Antrieb:<\/td>\n<td class=\"product--properties-value\">SHIMANO STEPS E7000 &#8211; 60 Nm (250W)<\/td>\n<\/tr>\n<tr class=\"product--properties-row\">\n<td class=\"product--properties-label is--bold\">Akku:<\/td>\n<td class=\"product--properties-value\">wasserresistente Batterie 504 Wh<\/td>\n<\/tr>\n<tr class=\"product--properties-row\">\n<td class=\"product--properties-label is--bold\">Bremsen:<\/td>\n<td class=\"product--properties-value\">SRAM &#8211; GUIDE T , hydraulic disk , 200\/180mm<\/td>\n<\/tr>\n<tr class=\"product--properties-row\">\n<td class=\"product--properties-label is--bold\">Schaltwerk:<\/td>\n<td class=\"product--properties-value\">SRAM NX<\/td>\n<\/tr>\n<tr class=\"product--properties-row\">\n<td class=\"product--properties-label is--bold\"><\/td>\n<td class=\"product--properties-value\"><\/td>\n<\/tr>\n<\/tbody>\n<\/table>\n<\/div>","protected":false},"featured_media":7348,"comment_status":"open","ping_status":"closed","template":"","meta":[],"product_brand":[],"product_cat":[44,28,25],"product_tag":[],"class_list":{"0":"post-7343","1":"product","2":"type-product","3":"status-publish","4":"has-post-thumbnail","6":"product_cat-downhill","7":"product_cat-e-bike","8":"product_cat-neu","10":"entry","11":"has-media","13":"first","14":"instock","15":"taxable","16":"shipping-taxable","17":"purchasable","18":"product-type-variable","19":"has-product-nav","20":"col","21":"span_1_of_3","22":"owp-content-center","23":"owp-thumbs-layout-horizontal","24":"owp-btn-normal","25":"owp-tabs-layout-horizontal","26":"has-no-thumbnails"},"_links":{"self":[{"href":"https:\/\/www.wemovenow.com\/en\/wp-json\/wp\/v2\/product\/7343","targetHints":{"allow":["GET"]}}],"collection":[{"href":"https:\/\/www.wemovenow.com\/en\/wp-json\/wp\/v2\/product"}],"about":[{"href":"https:\/\/www.wemovenow.com\/en\/wp-json\/wp\/v2\/types\/product"}],"replies":[{"embeddable":true,"href":"https:\/\/www.wemovenow.com\/en\/wp-json\/wp\/v2\/comments?post=7343"}],"version-history":[{"count":1,"href":"https:\/\/www.wemovenow.com\/en\/wp-json\/wp\/v2\/product\/7343\/revisions"}],"predecessor-version":[{"id":7349,"href":"https:\/\/www.wemovenow.com\/en\/wp-json\/wp\/v2\/product\/7343\/revisions\/7349"}],"wp:featuredmedia":[{"embeddable":true,"href":"https:\/\/www.wemovenow.com\/en\/wp-json\/wp\/v2\/media\/7348"}],"wp:attachment":[{"href":"https:\/\/www.wemovenow.com\/en\/wp-json\/wp\/v2\/media?parent=7343"}],"wp:term":[{"taxonomy":"product_brand","embeddable":true,"href":"https:\/\/www.wemovenow.com\/en\/wp-json\/wp\/v2\/product_brand?post=7343"},{"taxonomy":"product_cat","embeddable":true,"href":"https:\/\/www.wemovenow.com\/en\/wp-json\/wp\/v2\/product_cat?post=7343"},{"taxonomy":"product_tag","embeddable":true,"href":"https:\/\/www.wemovenow.com\/en\/wp-json\/wp\/v2\/product_tag?post=7343"}],"curies":[{"name":"wp","href":"https:\/\/api.w.org\/{rel}","templated":true}]}}