{"id":7331,"date":"2022-09-17T21:07:38","date_gmt":"2022-09-17T19:07:38","guid":{"rendered":"https:\/\/www.wemovenow.com\/?post_type=product&#038;p=7331"},"modified":"2022-09-17T21:17:06","modified_gmt":"2022-09-17T19:17:06","slug":"e-bike-thok-mig-r","status":"publish","type":"product","link":"https:\/\/www.wemovenow.com\/en\/product\/e-bike-thok-mig-r\/","title":{"rendered":"E-Bike Thok MIG-R"},"content":{"rendered":"<p><em>Das neue MIG-R ist das perfekte E-Bike f\u00fcr alle Fans von All Mountain Bikes, die Wert auf Qualit\u00e4tskomponenten legen. SHIMANO EP8-Antrieb, 630 Wh-Akku, FOX-Federung und Mullet-Laufr\u00e4der machen aus dem MIG-R das ideale Gef\u00e4hrt, um lange Strecken auf allen Gel\u00e4ndeformen in Angriff zu nehmen. Geliefert wird das Bike mit einem Rahmen, der mit dem Namen und den Settings des Besitzers personalisiert ist. Die THOKcare-Garantie ist auch dabei.<\/em><\/p>\n<div class=\"title\">\n<div class=\"title\">\n<div class=\"title\">\n<h2>TECHNISCHE DATEN<\/h2>\n<\/div>\n<div class=\"text\">\n<table class=\"specs\">\n<tbody>\n<tr>\n<td>Rahmen<\/td>\n<td>6061 T4 T6 Aluminiumrahmen mit 140 mm Federweg hinten, geschmiedete und CNC-gefr\u00e4ste Teile mit hydrogeformten Rohren mit variabler Dicke<\/td>\n<\/tr>\n<tr>\n<td>Rahmengr\u00f6\u00dfe<\/td>\n<td>4 verf\u00fcgbare Gr\u00f6ssen &#8211; S &#8211; M &#8211; L &#8211; XL<\/td>\n<\/tr>\n<tr>\n<td>Motor und Batterie<\/td>\n<td>SHIMANO EP8 (250W &#8211; 85Nm) &#8211; Externer 630 Wh SHIMANO Akku<\/td>\n<\/tr>\n<tr>\n<td>Display und Steuerung<\/td>\n<td>SC-E7000 Fahrradcomputer mit 1,6&#8243; LCD-Bildschirm &#8211; Firebold-Steuerung (Eco, Trail, Boost und Power-Walk)<\/td>\n<\/tr>\n<tr>\n<td>Gabel<\/td>\n<td>FOX &#8211; RHYTHM, 36 Float 150 mm, boost 29&#8243;<\/td>\n<\/tr>\n<tr>\n<td>D\u00e4mpfer<\/td>\n<td>FOX &#8211; DPS, THOK benutzerdefiniertes Setup 210&#215;55<\/td>\n<\/tr>\n<tr>\n<td>Scheibenbremsen<\/td>\n<td>SRAM &#8211; GUIDE RE, 4 Kolben, hydraulische Bremsen mit 200 mm Scheiben<\/td>\n<\/tr>\n<tr>\n<td>Schaltwerk<\/td>\n<td>SRAM &#8211; GX Eagle 12 S<\/td>\n<\/tr>\n<tr>\n<td>Schaltung<\/td>\n<td>SRAM &#8211; NX Eagle trigger 12S<\/td>\n<\/tr>\n<tr>\n<td>Kassette<\/td>\n<td>SRAM &#8211; Eagle 12V ; 11-50<\/td>\n<\/tr>\n<tr>\n<td>Kette<\/td>\n<td>SRAM &#8211; 12V<\/td>\n<\/tr>\n<tr>\n<td>Kurbeln<\/td>\n<td>FSA 165 mm mit 34 T Krone<\/td>\n<\/tr>\n<tr>\n<td>Laufr\u00e4der<\/td>\n<td>MAVIC rims &#8211; 29&#8243;x30 mm front and 27.5&#8243;x35 mm rear<\/td>\n<\/tr>\n<tr>\n<td>Vorbau<\/td>\n<td>THOK CNC, oversize 35 mm<\/td>\n<\/tr>\n<tr>\n<td>Lenker<\/td>\n<td>THOK Oversize 35 mm, Breite 780 mm<\/td>\n<\/tr>\n<tr>\n<td>Griffe<\/td>\n<td>THOK &#8211; Lock-On grip<\/td>\n<\/tr>\n<tr>\n<td>Reifen<\/td>\n<td>MAXXIS &#8211; Assegai 29&#8243; (Size S\u00a027,5&#8243;) \/ 27,5&#8243; \u00a0x \u00a02.6 3C \/ EXO+ \/ TR<\/td>\n<\/tr>\n<tr>\n<td>Sattelst\u00fctze<\/td>\n<td>THOK Teleskop mit Fernbedienung (125mm Gr\u00f6\u00dfe S &#8211; 150mm andere Gr\u00f6\u00dfen)<\/td>\n<\/tr>\n<tr>\n<td>Sattel<\/td>\n<td>THOK &#8211; Fit in Chromo<\/td>\n<\/tr>\n<tr>\n<td>Pedale<\/td>\n<td>NW 482S in polietilen<\/td>\n<\/tr>\n<tr>\n<td>Gewicht<\/td>\n<td>23,8 kg (mittlere Gr\u00f6\u00dfe ohne Pedale)<\/td>\n<\/tr>\n<\/tbody>\n<\/table>\n<p><i>Spezifikationen k\u00f6nnen ohne vorherige Ank\u00fcndigung ge\u00e4ndert werden.<\/i><\/p>\n<\/div>\n<\/div>\n<\/div>","protected":false},"excerpt":{"rendered":"<p class=\"content--title\"><strong>Thok MIG630<br \/>\n<\/strong><\/p>\n<div class=\"product--description\"><\/div>\n<div class=\"product--properties panel has--border\">\n<table class=\"product--properties-table\">\n<tbody>\n<tr class=\"product--properties-row\">\n<td class=\"product--properties-label is--bold\">Farbe:<\/td>\n<td class=\"product--properties-value\">Grau &#8211; Rot &#8211; Schwarz<\/td>\n<\/tr>\n<tr class=\"product--properties-row\">\n<td class=\"product--properties-label is--bold\">Gabel:<\/td>\n<td class=\"product--properties-value\">FOX &#8211; RHYTHM, 36 Float 150 mm, boost 29&#8243;<\/td>\n<\/tr>\n<tr class=\"product--properties-row\">\n<td class=\"product--properties-label is--bold\">D\u00e4mpfer:<\/td>\n<td class=\"product--properties-value\">FOX &#8211; DPS, THOK benutzerdefiniertes Setup 210&#215;55<\/td>\n<\/tr>\n<tr class=\"product--properties-row\">\n<td class=\"product--properties-label is--bold\">Antrieb:<\/td>\n<td class=\"product--properties-value\">SHIMANO EP8 (250W &#8211; 85Nm) &#8211;<\/td>\n<\/tr>\n<tr class=\"product--properties-row\">\n<td class=\"product--properties-label is--bold\">Akku:<\/td>\n<td class=\"product--properties-value\">Externer 630 Wh SHIMANO Akku<\/td>\n<\/tr>\n<tr class=\"product--properties-row\">\n<td class=\"product--properties-label is--bold\">Bremsen:<\/td>\n<td class=\"product--properties-value\">SRAM &#8211; GUIDE RE, 4 Kolben, hydraulische Bremsen mit 200 mm Scheiben<\/td>\n<\/tr>\n<tr class=\"product--properties-row\">\n<td class=\"product--properties-label is--bold\">Schaltwerk:<\/td>\n<td class=\"product--properties-value\">SRAM &#8211; SX Eagle 12s<\/td>\n<\/tr>\n<\/tbody>\n<\/table>\n<\/div>","protected":false},"featured_media":7340,"comment_status":"open","ping_status":"closed","template":"","meta":[],"product_brand":[],"product_cat":[44,28,43,25],"product_tag":[],"class_list":{"0":"post-7331","1":"product","2":"type-product","3":"status-publish","4":"has-post-thumbnail","6":"product_cat-downhill","7":"product_cat-e-bike","8":"product_cat-fully","9":"product_cat-neu","11":"entry","12":"has-media","14":"first","15":"instock","16":"taxable","17":"shipping-taxable","18":"purchasable","19":"product-type-variable","20":"has-product-nav","21":"col","22":"span_1_of_3","23":"owp-content-center","24":"owp-thumbs-layout-horizontal","25":"owp-btn-normal","26":"owp-tabs-layout-horizontal","27":"has-no-thumbnails"},"_links":{"self":[{"href":"https:\/\/www.wemovenow.com\/en\/wp-json\/wp\/v2\/product\/7331","targetHints":{"allow":["GET"]}}],"collection":[{"href":"https:\/\/www.wemovenow.com\/en\/wp-json\/wp\/v2\/product"}],"about":[{"href":"https:\/\/www.wemovenow.com\/en\/wp-json\/wp\/v2\/types\/product"}],"replies":[{"embeddable":true,"href":"https:\/\/www.wemovenow.com\/en\/wp-json\/wp\/v2\/comments?post=7331"}],"version-history":[{"count":6,"href":"https:\/\/www.wemovenow.com\/en\/wp-json\/wp\/v2\/product\/7331\/revisions"}],"predecessor-version":[{"id":7342,"href":"https:\/\/www.wemovenow.com\/en\/wp-json\/wp\/v2\/product\/7331\/revisions\/7342"}],"wp:featuredmedia":[{"embeddable":true,"href":"https:\/\/www.wemovenow.com\/en\/wp-json\/wp\/v2\/media\/7340"}],"wp:attachment":[{"href":"https:\/\/www.wemovenow.com\/en\/wp-json\/wp\/v2\/media?parent=7331"}],"wp:term":[{"taxonomy":"product_brand","embeddable":true,"href":"https:\/\/www.wemovenow.com\/en\/wp-json\/wp\/v2\/product_brand?post=7331"},{"taxonomy":"product_cat","embeddable":true,"href":"https:\/\/www.wemovenow.com\/en\/wp-json\/wp\/v2\/product_cat?post=7331"},{"taxonomy":"product_tag","embeddable":true,"href":"https:\/\/www.wemovenow.com\/en\/wp-json\/wp\/v2\/product_tag?post=7331"}],"curies":[{"name":"wp","href":"https:\/\/api.w.org\/{rel}","templated":true}]}}