{"id":6320,"date":"2022-07-24T09:56:31","date_gmt":"2022-07-24T07:56:31","guid":{"rendered":"https:\/\/www.wemovenow.com\/?post_type=product&#038;p=6320"},"modified":"2022-09-18T11:23:00","modified_gmt":"2022-09-18T09:23:00","slug":"e-bike-thok-tk01r","status":"publish","type":"product","link":"https:\/\/www.wemovenow.com\/en\/product\/e-bike-thok-tk01r\/","title":{"rendered":"E-Bike enduro Thok TK01R"},"content":{"rendered":"<p>Das mit den derzeit innovativsten Komponenten ausger\u00fcstete TK01 R ist ein E-MTB f\u00fcr E-Biker mit h\u00f6chsten Anspr\u00fcchen: RockShox ZEB Federgabel mit extra dicken 38 mm-Standrohren, RockShox Super Deluxe-D\u00e4mpfer mit Debonair Technology, SHIMANO EP8-Motor mit 630 Wh-Akku, Schaltung und Bremsen SHIMANO XT. Alles, was ein E-MTB braucht, um mit Spa\u00df und in gr\u00f6\u00dfter Sicherheit auch die schwierigsten Endurostrecken zu bew\u00e4ltigen, und das sich zudem durch sein Red Fire Black-Outfit von Aldo Drudi eindeutig von den Konkurrenten dieser Kategorie abhebt.<\/p>\n<p>Das gelieferte TK01 R umfasst einen mit dem Namen des Besitzers personalisierten Rahmen, die Angaben der spezifischen Settings und das THOKCare (2 Jahre zus\u00e4tzliche Garantie, THOKer Box).<\/p>\n<div class=\"title\">\n<h2>TECHNISCHE DATEN<\/h2>\n<\/div>\n<div class=\"text\">\n<table class=\"specs\">\n<tbody>\n<tr>\n<td>Rahmen<\/td>\n<td>Aluminium-rahmen 6061 T4 T6 mit 170mm\u00a0Federweg hinten, mit Hydroform-Rohren, Schmiede und CNC Teilen, headtube tapered 1.8 und integrated battery.<\/td>\n<\/tr>\n<tr>\n<td>Rahmengr\u00f6\u00dfe<\/td>\n<td>4 Gr\u00f6\u00dfen \u00a0S &#8211; M &#8211; L &#8211; XL<\/td>\n<\/tr>\n<tr>\n<td>Motor und Batterie<\/td>\n<td>SHIMANO EP8 &#8211; 85 Nm (250W) &#8211; Shimano 630 Wh Akku<\/td>\n<\/tr>\n<tr>\n<td>Display und Steuerung<\/td>\n<td>Cyclo Computer SC-E7000 with 1,39&#8243; screen &#8211; ergonomic remote SW-E7000 (Eco, Trail, Boost e Power-Walk<\/td>\n<\/tr>\n<tr>\n<td>Gabel<\/td>\n<td>ROCK SHOX &#8211; ZEB select RC 29&#8243; Boost, DebonAir 170 mm, E-MTB, 44 OFFSET, 1.8 Tapered.<\/td>\n<\/tr>\n<tr>\n<td>D\u00e4mpfer<\/td>\n<td>ROCK SHOX &#8211; SUPER DELUXE Select+ RT, DebonAir 230x65mm, THOK Custom tuned<\/td>\n<\/tr>\n<tr>\n<td>Scheibenbremsen<\/td>\n<td>SHIMANO &#8211; XT, 4 calipers, 203 mm<\/td>\n<\/tr>\n<tr>\n<td>Schaltwerk<\/td>\n<td>SHIMANO &#8211; XT 12s<\/td>\n<\/tr>\n<tr>\n<td>Schaltung<\/td>\n<td>SHIMANO &#8211; 12s<\/td>\n<\/tr>\n<tr>\n<td>Kassette<\/td>\n<td>SHIMANO &#8211; 12S ;(10-51)<\/td>\n<\/tr>\n<tr>\n<td>Kette<\/td>\n<td>SHIMANO &#8211; 12s<\/td>\n<\/tr>\n<tr>\n<td>Kurbeln<\/td>\n<td>FSA &#8211; 165mm, chainring 34T<\/td>\n<\/tr>\n<tr>\n<td>Laufr\u00e4der<\/td>\n<td>MAVIC rims &#8211; 29&#8243;x30 mm front and 27.5&#8243;x35 mm rear<\/td>\n<\/tr>\n<tr>\n<td>Vorbau<\/td>\n<td>THOK forged, 35mm front clamp oversize, 37mm length<\/td>\n<\/tr>\n<tr>\n<td>Lenker<\/td>\n<td>THOK 35mm, rise 20mm, 780mm width<\/td>\n<\/tr>\n<tr>\n<td>Griffe<\/td>\n<td>THOK &#8211; Lock-On grip, regular size<\/td>\n<\/tr>\n<tr>\n<td>Reifen<\/td>\n<td>MAXXIS &#8211; Assegai \u00a029&#215;2.6 front &amp; 27.5&#215;2.6 rear 3C \/ EXO+ \/ TR<\/td>\n<\/tr>\n<tr>\n<td>Sattelst\u00fctze<\/td>\n<td>THOK telescopic dropper post<br \/>\n(125mm size S &#8211; 150mm size M &#8211; 170mm sizes L and XL)<\/td>\n<\/tr>\n<tr>\n<td>Sattel<\/td>\n<td>THOK Fit in Chromo<\/td>\n<\/tr>\n<tr>\n<td>Pedale<\/td>\n<td>Pedals in polyethylene<\/td>\n<\/tr>\n<tr>\n<td>Masse<\/td>\n<td>24,8 Kg Gr\u00f6\u00dfe M without pedals<\/td>\n<\/tr>\n<\/tbody>\n<\/table>\n<p><i>Spezifikationen k\u00f6nnen ohne vorherige Ank\u00fcndigung ge\u00e4ndert werden.<\/i><\/p>\n<\/div>","protected":false},"excerpt":{"rendered":"<p class=\"content--title\"><strong>Thok TK01-R enduro E-Bike<br \/>\n<\/strong><\/p>\n<div class=\"product--description\"><\/div>\n<div class=\"product--properties panel has--border\">\n<table class=\"product--properties-table\">\n<tbody>\n<tr class=\"product--properties-row\">\n<td class=\"product--properties-label is--bold\">Farbe:<\/td>\n<td class=\"product--properties-value\">Wei\u00df &#8211; Rot &#8211; Schwarz<\/td>\n<\/tr>\n<tr class=\"product--properties-row\">\n<td class=\"product--properties-label is--bold\">Gabel:<\/td>\n<td class=\"product--properties-value\">ROCK SHOX &#8211; ZEB select RC 29&#8243; Boost, DebonAir 170 mm, E-MTB, 44 OFFSET, 1.8 Tapered.<\/td>\n<\/tr>\n<tr class=\"product--properties-row\">\n<td class=\"product--properties-label is--bold\">D\u00e4mpfer:<\/td>\n<td class=\"product--properties-value\">ROCK SHOX &#8211; SUPER DELUXE Select+ RT, DebonAir 230x65mm, THOK Custom tuned<\/td>\n<\/tr>\n<tr class=\"product--properties-row\">\n<td class=\"product--properties-label is--bold\">Antrieb:<\/td>\n<td class=\"product--properties-value\">SHIMANO EP8 &#8211; 85 Nm (250W)<\/td>\n<\/tr>\n<tr class=\"product--properties-row\">\n<td class=\"product--properties-label is--bold\">Akku:<\/td>\n<td class=\"product--properties-value\">Shimano 630 Wh Akku<\/td>\n<\/tr>\n<tr class=\"product--properties-row\">\n<td class=\"product--properties-label is--bold\">Bremsen:<\/td>\n<td class=\"product--properties-value\">SHIMANO &#8211; XT, 4 calipers, 203 mm<\/td>\n<\/tr>\n<tr class=\"product--properties-row\">\n<td class=\"product--properties-label is--bold\">Schaltwerk:<\/td>\n<td class=\"product--properties-value\">SHIMANO &#8211; XT 12s<\/td>\n<\/tr>\n<\/tbody>\n<\/table>\n<\/div>","protected":false},"featured_media":7352,"comment_status":"open","ping_status":"closed","template":"","meta":[],"product_brand":[],"product_cat":[44,28,43,25],"product_tag":[],"class_list":{"0":"post-6320","1":"product","2":"type-product","3":"status-publish","4":"has-post-thumbnail","6":"product_cat-downhill","7":"product_cat-e-bike","8":"product_cat-fully","9":"product_cat-neu","11":"entry","12":"has-media","14":"first","15":"instock","16":"taxable","17":"shipping-taxable","18":"purchasable","19":"product-type-variable","20":"has-product-nav","21":"col","22":"span_1_of_3","23":"owp-content-center","24":"owp-thumbs-layout-horizontal","25":"owp-btn-normal","26":"owp-tabs-layout-horizontal","27":"has-no-thumbnails"},"_links":{"self":[{"href":"https:\/\/www.wemovenow.com\/en\/wp-json\/wp\/v2\/product\/6320","targetHints":{"allow":["GET"]}}],"collection":[{"href":"https:\/\/www.wemovenow.com\/en\/wp-json\/wp\/v2\/product"}],"about":[{"href":"https:\/\/www.wemovenow.com\/en\/wp-json\/wp\/v2\/types\/product"}],"replies":[{"embeddable":true,"href":"https:\/\/www.wemovenow.com\/en\/wp-json\/wp\/v2\/comments?post=6320"}],"version-history":[{"count":8,"href":"https:\/\/www.wemovenow.com\/en\/wp-json\/wp\/v2\/product\/6320\/revisions"}],"predecessor-version":[{"id":6325,"href":"https:\/\/www.wemovenow.com\/en\/wp-json\/wp\/v2\/product\/6320\/revisions\/6325"}],"wp:featuredmedia":[{"embeddable":true,"href":"https:\/\/www.wemovenow.com\/en\/wp-json\/wp\/v2\/media\/7352"}],"wp:attachment":[{"href":"https:\/\/www.wemovenow.com\/en\/wp-json\/wp\/v2\/media?parent=6320"}],"wp:term":[{"taxonomy":"product_brand","embeddable":true,"href":"https:\/\/www.wemovenow.com\/en\/wp-json\/wp\/v2\/product_brand?post=6320"},{"taxonomy":"product_cat","embeddable":true,"href":"https:\/\/www.wemovenow.com\/en\/wp-json\/wp\/v2\/product_cat?post=6320"},{"taxonomy":"product_tag","embeddable":true,"href":"https:\/\/www.wemovenow.com\/en\/wp-json\/wp\/v2\/product_tag?post=6320"}],"curies":[{"name":"wp","href":"https:\/\/api.w.org\/{rel}","templated":true}]}}