{"id":4471,"date":"2020-06-22T21:03:09","date_gmt":"2020-06-22T19:03:09","guid":{"rendered":"https:\/\/www.wemovenow.com\/?post_type=product&#038;p=4471"},"modified":"2022-03-10T10:43:08","modified_gmt":"2022-03-10T08:43:08","slug":"vel-80-elektromotorrad","status":"publish","type":"product","link":"https:\/\/www.wemovenow.com\/en\/product\/vel-80-elektromotorrad\/","title":{"rendered":"VEL 80 &#8211; Elektromotorrad"},"content":{"rendered":"","protected":false},"excerpt":{"rendered":"<p>Die 125er-Version in elektrisch. Weniger Emissionen, mehr Power. H\u00f6chste Qualit\u00e4t trifft einzigartiges Design. Inkl. Akku und Ladeger\u00e4t zum Laden an der Schukosteckdose.<\/p>\n<p>Leistung: 4,7 kW<br \/>\nAkku: 47 Ah<br \/>\nGarantie: 2 Jahre<br \/>\nReichweite: 80 &#8211; 130 km<br \/>\nAntrieb: Heck<br \/>\nLadezeit: 4 &#8211; 5 h<\/p>","protected":false},"featured_media":4476,"comment_status":"open","ping_status":"closed","template":"","meta":[],"product_brand":[],"product_cat":[29,25],"product_tag":[],"class_list":{"0":"post-4471","1":"product","2":"type-product","3":"status-publish","4":"has-post-thumbnail","6":"product_cat-e-roller","7":"product_cat-neu","9":"entry","10":"has-media","12":"first","13":"outofstock","14":"taxable","15":"shipping-taxable","16":"product-type-variable","17":"has-default-attributes","18":"has-product-nav","19":"col","20":"span_1_of_3","21":"owp-content-center","22":"owp-thumbs-layout-horizontal","23":"owp-btn-normal","24":"owp-tabs-layout-horizontal"},"_links":{"self":[{"href":"https:\/\/www.wemovenow.com\/en\/wp-json\/wp\/v2\/product\/4471","targetHints":{"allow":["GET"]}}],"collection":[{"href":"https:\/\/www.wemovenow.com\/en\/wp-json\/wp\/v2\/product"}],"about":[{"href":"https:\/\/www.wemovenow.com\/en\/wp-json\/wp\/v2\/types\/product"}],"replies":[{"embeddable":true,"href":"https:\/\/www.wemovenow.com\/en\/wp-json\/wp\/v2\/comments?post=4471"}],"version-history":[{"count":3,"href":"https:\/\/www.wemovenow.com\/en\/wp-json\/wp\/v2\/product\/4471\/revisions"}],"predecessor-version":[{"id":4482,"href":"https:\/\/www.wemovenow.com\/en\/wp-json\/wp\/v2\/product\/4471\/revisions\/4482"}],"wp:featuredmedia":[{"embeddable":true,"href":"https:\/\/www.wemovenow.com\/en\/wp-json\/wp\/v2\/media\/4476"}],"wp:attachment":[{"href":"https:\/\/www.wemovenow.com\/en\/wp-json\/wp\/v2\/media?parent=4471"}],"wp:term":[{"taxonomy":"product_brand","embeddable":true,"href":"https:\/\/www.wemovenow.com\/en\/wp-json\/wp\/v2\/product_brand?post=4471"},{"taxonomy":"product_cat","embeddable":true,"href":"https:\/\/www.wemovenow.com\/en\/wp-json\/wp\/v2\/product_cat?post=4471"},{"taxonomy":"product_tag","embeddable":true,"href":"https:\/\/www.wemovenow.com\/en\/wp-json\/wp\/v2\/product_tag?post=4471"}],"curies":[{"name":"wp","href":"https:\/\/api.w.org\/{rel}","templated":true}]}}