{"id":4155,"date":"2020-05-24T23:31:22","date_gmt":"2020-05-24T21:31:22","guid":{"rendered":"https:\/\/www.wemovenow.com\/?post_type=product&#038;p=4155"},"modified":"2020-05-24T23:43:15","modified_gmt":"2020-05-24T21:43:15","slug":"weezl-4-0-kabinenroller-mopedauto","status":"publish","type":"product","link":"https:\/\/www.wemovenow.com\/en\/product\/weezl-4-0-kabinenroller-mopedauto\/","title":{"rendered":"WEEZL 4.0 &#8211; Kabinenroller &#8211; Mopedauto"},"content":{"rendered":"","protected":false},"excerpt":{"rendered":"<p>Die g\u00fcnstigste Alternative f\u00fcr das Stadtauto. Witterungsunabh\u00e4ngig schl\u00e4ngelt es sich durch den Verkehr. Fahrspa\u00df wie bei einem GoKart. 80 Cent auf 100 km. Der Akku ist fix verbaut und mit dem Ladekabel wird es an jeder Schukosteckdose geladen.<\/p>\n<p>Features:<br \/>\n&#8211; Reichweite ca. 80 &#8211; 100 km je nach Fahrstil<br \/>\n&#8211; 3 kW-Motor schafft jede Steigung<br \/>\n&#8211; Versicherung ca. 150,-\/Jahr<br \/>\n&#8211; 80 Cent \/ 100 km<br \/>\n&#8211; Heckantrieb<br \/>\n&#8211; Lenkrad<br \/>\n&#8211; Bluetooth \/ USB \/ Radio<br \/>\n&#8211; Bordcomputer<br \/>\n&#8211; Zentralverriegelung<br \/>\n&#8211; R\u00fcckfahrkamera<br \/>\n&#8211; L\u00fcftung<br \/>\n&#8211; Heizung<\/p>","protected":false},"featured_media":3237,"comment_status":"open","ping_status":"closed","template":"","meta":[],"product_brand":[],"product_cat":[40,41,29,25],"product_tag":[],"class_list":{"0":"post-4155","1":"product","2":"type-product","3":"status-publish","4":"has-post-thumbnail","6":"product_cat-city","7":"product_cat-city-urban","8":"product_cat-e-roller","9":"product_cat-neu","11":"entry","12":"has-media","14":"first","15":"instock","16":"sale","17":"taxable","18":"shipping-taxable","19":"purchasable","20":"product-type-simple","21":"has-product-nav","22":"col","23":"span_1_of_3","24":"owp-content-center","25":"owp-thumbs-layout-horizontal","26":"owp-btn-normal","27":"owp-tabs-layout-horizontal"},"_links":{"self":[{"href":"https:\/\/www.wemovenow.com\/en\/wp-json\/wp\/v2\/product\/4155","targetHints":{"allow":["GET"]}}],"collection":[{"href":"https:\/\/www.wemovenow.com\/en\/wp-json\/wp\/v2\/product"}],"about":[{"href":"https:\/\/www.wemovenow.com\/en\/wp-json\/wp\/v2\/types\/product"}],"replies":[{"embeddable":true,"href":"https:\/\/www.wemovenow.com\/en\/wp-json\/wp\/v2\/comments?post=4155"}],"version-history":[{"count":1,"href":"https:\/\/www.wemovenow.com\/en\/wp-json\/wp\/v2\/product\/4155\/revisions"}],"predecessor-version":[{"id":4166,"href":"https:\/\/www.wemovenow.com\/en\/wp-json\/wp\/v2\/product\/4155\/revisions\/4166"}],"wp:featuredmedia":[{"embeddable":true,"href":"https:\/\/www.wemovenow.com\/en\/wp-json\/wp\/v2\/media\/3237"}],"wp:attachment":[{"href":"https:\/\/www.wemovenow.com\/en\/wp-json\/wp\/v2\/media?parent=4155"}],"wp:term":[{"taxonomy":"product_brand","embeddable":true,"href":"https:\/\/www.wemovenow.com\/en\/wp-json\/wp\/v2\/product_brand?post=4155"},{"taxonomy":"product_cat","embeddable":true,"href":"https:\/\/www.wemovenow.com\/en\/wp-json\/wp\/v2\/product_cat?post=4155"},{"taxonomy":"product_tag","embeddable":true,"href":"https:\/\/www.wemovenow.com\/en\/wp-json\/wp\/v2\/product_tag?post=4155"}],"curies":[{"name":"wp","href":"https:\/\/api.w.org\/{rel}","templated":true}]}}