{"id":3769,"date":"2020-04-21T10:40:40","date_gmt":"2020-04-21T10:40:40","guid":{"rendered":"https:\/\/www.wemovenow.com\/?post_type=product&#038;p=3769"},"modified":"2023-09-29T10:27:25","modified_gmt":"2023-09-29T08:27:25","slug":"montageplatte-topcase","status":"publish","type":"product","link":"https:\/\/www.wemovenow.com\/en\/product\/montageplatte-topcase\/","title":{"rendered":"Topcase mit R\u00fcckenpolster"},"content":{"rendered":"","protected":false},"excerpt":{"rendered":"<p>Das Topcase mit 32 l F\u00fcllinhalt eignet sich perfekt, um deinen Helm, Tasche oder ganze Eink\u00e4ufe zu verstauen. Farbe ist matt. Wahlweise in wei\u00df oder schwarz.<\/p>","protected":false},"featured_media":3961,"comment_status":"open","ping_status":"closed","template":"","meta":[],"product_brand":[],"product_cat":[39,41,29,25],"product_tag":[],"class_list":{"0":"post-3769","1":"product","2":"type-product","3":"status-publish","4":"has-post-thumbnail","6":"product_cat-accessoires","7":"product_cat-city-urban","8":"product_cat-e-roller","9":"product_cat-neu","11":"entry","12":"has-media","14":"first","15":"instock","16":"sale","17":"taxable","18":"shipping-taxable","19":"purchasable","20":"product-type-variable","21":"has-default-attributes","22":"has-product-nav","23":"col","24":"span_1_of_3","25":"owp-content-center","26":"owp-thumbs-layout-horizontal","27":"owp-btn-normal","28":"owp-tabs-layout-horizontal"},"_links":{"self":[{"href":"https:\/\/www.wemovenow.com\/en\/wp-json\/wp\/v2\/product\/3769","targetHints":{"allow":["GET"]}}],"collection":[{"href":"https:\/\/www.wemovenow.com\/en\/wp-json\/wp\/v2\/product"}],"about":[{"href":"https:\/\/www.wemovenow.com\/en\/wp-json\/wp\/v2\/types\/product"}],"replies":[{"embeddable":true,"href":"https:\/\/www.wemovenow.com\/en\/wp-json\/wp\/v2\/comments?post=3769"}],"version-history":[{"count":6,"href":"https:\/\/www.wemovenow.com\/en\/wp-json\/wp\/v2\/product\/3769\/revisions"}],"predecessor-version":[{"id":5549,"href":"https:\/\/www.wemovenow.com\/en\/wp-json\/wp\/v2\/product\/3769\/revisions\/5549"}],"wp:featuredmedia":[{"embeddable":true,"href":"https:\/\/www.wemovenow.com\/en\/wp-json\/wp\/v2\/media\/3961"}],"wp:attachment":[{"href":"https:\/\/www.wemovenow.com\/en\/wp-json\/wp\/v2\/media?parent=3769"}],"wp:term":[{"taxonomy":"product_brand","embeddable":true,"href":"https:\/\/www.wemovenow.com\/en\/wp-json\/wp\/v2\/product_brand?post=3769"},{"taxonomy":"product_cat","embeddable":true,"href":"https:\/\/www.wemovenow.com\/en\/wp-json\/wp\/v2\/product_cat?post=3769"},{"taxonomy":"product_tag","embeddable":true,"href":"https:\/\/www.wemovenow.com\/en\/wp-json\/wp\/v2\/product_tag?post=3769"}],"curies":[{"name":"wp","href":"https:\/\/api.w.org\/{rel}","templated":true}]}}