{"id":116,"date":"2018-10-04T14:36:05","date_gmt":"2018-10-04T14:36:05","guid":{"rendered":"http:\/\/www.wemovenow.com\/?page_id=116"},"modified":"2020-12-14T19:48:09","modified_gmt":"2020-12-14T17:48:09","slug":"datenschutz","status":"publish","type":"page","link":"https:\/\/www.wemovenow.com\/en\/datenschutz\/","title":{"rendered":"Privacy policy"},"content":{"rendered":"<div data-elementor-type=\"wp-post\" data-elementor-id=\"116\" class=\"elementor elementor-116\">\n\t\t\t\t\t\t<section class=\"has_eae_slider elementor-section elementor-top-section elementor-element elementor-element-ebdf9cf elementor-section-boxed elementor-section-height-default elementor-section-height-default\" data-id=\"ebdf9cf\" data-element_type=\"section\">\n\t\t\t\t\t\t<div class=\"elementor-container elementor-column-gap-default\">\n\t\t\t\t\t<div class=\"has_eae_slider elementor-column elementor-col-100 elementor-top-column elementor-element elementor-element-81f2af3\" data-id=\"81f2af3\" data-element_type=\"column\">\n\t\t\t<div class=\"elementor-widget-wrap elementor-element-populated\">\n\t\t\t\t\t\t<div class=\"elementor-element elementor-element-5eb1647 elementor-widget elementor-widget-text-editor\" data-id=\"5eb1647\" data-element_type=\"widget\" data-widget_type=\"text-editor.default\">\n\t\t\t\t<div class=\"elementor-widget-container\">\n\t\t\t\t\t\t\t\t\t<div id=\"c696\" class=\"csc-frame csc-frame-rulerAfter\" style=\"color: #666666; font-family: 'Titillium Web', 'Helvetica Neue', Helvetica, Arial, sans-serif; font-size: 13px; font-style: normal; font-weight: 400;\">\n<div class=\"csc-header csc-header-n1\">\n<h3 class=\"csc-firstHeader\" style=\"font-family: Lato, 'Helvetica Neue', Helvetica, Arial, sans-serif; font-weight: 300; line-height: 40px; color: #292929; margin-bottom: 24px; font-size: 32px;\"><span style=\"font-weight: bold;\">Datenschutzerkl\u00e4rung<\/span><\/h3>\n<\/div>\n<\/div>\n<div id=\"c654\" class=\"csc-default\" style=\"color: #666666; font-family: 'Titillium Web', 'Helvetica Neue', Helvetica, Arial, sans-serif; font-size: 13px; font-style: normal; font-weight: 400;\">\n<p style=\"margin-bottom: 24px; font-weight: 300; font-size: 19px;\">Ihr Vertrauen ist uns sehr wichtig! Der Schutz Ihrer Pers\u00f6nlichkeitsrechte, Ihrer Daten sowie der Beachtung Ihres Rechts zur informationellen Selbstbestimmung bei der Erhebung, Verarbeitung und Nutzung Ihrer pers\u00f6nlichen Daten ist uns ein wichtiges Anliegen.Wir freuen uns \u00fcber Ihr Interesse an unserer Website. Nachstehend informieren wir Sie ausf\u00fchrlich \u00fcber den Umgang mit Ihren Daten.<\/p>\n<\/div>\n<div id=\"c689\" class=\"csc-default\" style=\"color: #666666; font-family: 'Titillium Web', 'Helvetica Neue', Helvetica, Arial, sans-serif; font-size: 13px; font-style: normal; font-weight: 400;\">\n<div class=\"csc-header csc-header-n3\">\n<h3 style=\"font-family: Lato, 'Helvetica Neue', Helvetica, Arial, sans-serif; font-weight: 300; line-height: 40px; color: #292929; margin-bottom: 24px; font-size: 32px;\"><span style=\"font-weight: bold;\">Erhebung, Verarbeitung und Nutzung personenbezogener Daten<\/span><\/h3>\n<\/div>\n<p style=\"margin-bottom: 24px; font-weight: 300; font-size: 19px;\">Sie k\u00f6nnen unsere Seite besuchen, ohne Angaben zu Ihrer Person zu machen. Wir speichern lediglich Zugriffsdaten ohne Personenbezug wie z.B. den Namen Ihres Internet Service Providers, die Seite, von der aus Sie uns besuchen oder den Namen der angeforderten Datei. Diese Daten werden ausschlie\u00dflich zur Verbesserung unseres Angebotes ausgewertet und erlauben keinen R\u00fcckschluss auf Ihre Person.<\/p>\n<\/div>\n<div id=\"c694\" class=\"csc-default\" style=\"color: #666666; font-family: 'Titillium Web', 'Helvetica Neue', Helvetica, Arial, sans-serif; font-size: 13px; font-style: normal; font-weight: 400;\">\n<div class=\"csc-header csc-header-n4\">\n<h3 style=\"font-family: Lato, 'Helvetica Neue', Helvetica, Arial, sans-serif; font-weight: 300; line-height: 40px; color: #292929; margin-bottom: 24px; font-size: 32px;\"><span style=\"font-weight: bold;\">Kontaktformular \/ E-Mail<\/span><\/h3>\n<\/div>\n<p style=\"margin-bottom: 24px; font-weight: 300; font-size: 19px;\">Von Ihnen im Kontaktformular oder in eine E-Mail eingegebene Daten wie Name, E-Mail, Telefonnummer, Firmendaten, Betreff und Nachrichtentext speichern und verwenden wir zum Zwecke der individuellen Kommunikation mit Ihnen. Bitte beachten Sie, dass die \u00dcbermittlung der Daten nicht verschl\u00fcsselt erfolgt und deshalb keine vertraulichen Informationen \u00fcber das Kontaktformular gesendet werden sollten.<\/p>\n<\/div>\n<div id=\"c690\" class=\"csc-default\" style=\"color: #666666; font-family: 'Titillium Web', 'Helvetica Neue', Helvetica, Arial, sans-serif; font-size: 13px; font-style: normal; font-weight: 400;\">\n<div class=\"csc-header csc-header-n5\">\n<h3 style=\"font-family: Lato, 'Helvetica Neue', Helvetica, Arial, sans-serif; font-weight: 300; line-height: 40px; color: #292929; margin-bottom: 24px; font-size: 32px;\"><span style=\"font-weight: bold;\">Verwendung von Cookies<\/span><\/h3>\n<\/div>\n<p style=\"margin-bottom: 24px; font-weight: 300; font-size: 19px;\">Auf verschiedenen Seiten verwenden wir Cookies, um den Besuch unserer Website attraktiv zu gestalten und die Nutzung bestimmter Funktionen zu erm\u00f6glichen. Hierbei handelt es sich um kleine Textdateien, die auf Ihrem Rechner abgelegt werden. Die meisten der von uns verwendeten Cookies werden nach Ende der Browser-Sitzung wieder von Ihrer Festplatte gel\u00f6scht (sog. Sitzungs-Cookies). Andere Cookies verbleiben auf Ihrem Rechner und erm\u00f6glichen uns, Ihren Rechner bei Ihrem n\u00e4chsten Besuch wieder zu erkennen (sog. dauerhafte Cookies). Unseren Partnerunternehmen ist es nicht gestattet, \u00fcber unsere Website personenbezogene Daten mittels Cookies zu erheben, zu verarbeiten oder zu nutzen.<\/p>\n<\/div>\n<div id=\"c691\" class=\"csc-default\" style=\"color: #666666; font-family: 'Titillium Web', 'Helvetica Neue', Helvetica, Arial, sans-serif; font-size: 13px; font-style: normal; font-weight: 400;\">\n<div class=\"csc-header csc-header-n6\">\n<h3 style=\"font-family: Lato, 'Helvetica Neue', Helvetica, Arial, sans-serif; font-weight: 300; line-height: 40px; color: #292929; margin-bottom: 24px; font-size: 32px;\"><span style=\"font-weight: bold;\">Auskunftsrecht<\/span><\/h3>\n<\/div>\n<p style=\"margin-bottom: 24px; font-weight: 300; font-size: 19px;\">Nach dem Bundesdatenschutzgesetz haben Sie ein Recht auf unentgeltliche Auskunft \u00fcber Ihre gespeicherten Daten sowie ggf. ein Recht auf Berichtigung, Sperrung oder L\u00f6schung dieser Daten.<\/p>\n<\/div>\n<div id=\"c692\" class=\"csc-default\" style=\"color: #666666; font-family: 'Titillium Web', 'Helvetica Neue', Helvetica, Arial, sans-serif; font-size: 13px; font-style: normal; font-weight: 400;\">\n<div class=\"csc-header csc-header-n7\">\n<h3 style=\"font-family: Lato, 'Helvetica Neue', Helvetica, Arial, sans-serif; font-weight: 300; line-height: 40px; color: #292929; margin-bottom: 24px; font-size: 32px;\"><span style=\"font-weight: bold;\">Nutzung von Google Analytics<\/span><\/h3>\n<\/div>\n<p style=\"margin-bottom: 24px; font-weight: 300; font-size: 19px;\">Diese Website benutzt Google Analytics, einen Webanalysedienst der Google Inc. (\u201eGoogle\u201c). Google Analytics verwendet so genannte \u201eCookies\u201c, Textdateien, die auf Ihrem Computer gespeichert werden und die eine Analyse der Benutzung der Website durch Sie erm\u00f6glichen. Die durch den Cookie erzeugten Informationen \u00fcber Ihre Benutzung dieser Website (einschlie\u00dflich Ihrer IP-Adresse) wird an einen Server von Google in den USA \u00fcbertragen und dort gespeichert. Google wird diese Informationen benutzen, um Ihre Nutzung der Website auszuwerten, um Reports \u00fcber die Websiteaktivit\u00e4ten f\u00fcr die Websitebetreiber zusammenzustellen und um weitere mit der Websitenutzung und der Internetnutzung verbundene Dienstleistungen zu erbringen. Auch wird Google diese Informationen gegebenenfalls an Dritte \u00fcbertragen, sofern dies gesetzlich vorgeschrieben oder soweit Dritte diese Daten im Auftrag von Google verarbeiten. Google wird in keinem Fall Ihre IP-Adresse mit anderen Daten von Google in Verbindung bringen<\/p>\n<p style=\"margin-bottom: 24px; font-weight: 300; font-size: 19px;\">Sie k\u00f6nnen die Installation der Cookies durch eine entsprechende Einstellung Ihrer Browser Software verhindern; wir weisen Sie jedoch darauf hin, dass Sie in diesem Fall gegebenenfalls nicht s\u00e4mtliche Funktionen dieser Website vollumf\u00e4nglich nutzen k\u00f6nnen. Durch die Nutzung dieser Website erkl\u00e4ren Sie sich mit der Bearbeitung der \u00fcber Sie erhobenen Daten durch Google in der zuvor beschriebenen Art und Weise und zu dem zuvor benannten Zweck einverstanden. Der Datenerhebung und -speicherung kann jederzeit mit Wirkung f\u00fcr die Zukunft&nbsp;<a style=\"color: #a3c624; outline-style: none; outline-width: initial; font-weight: 600; transition-duration: 0.3s; transition-timing-function: ease;\" title=\"Deaktivierungs-Add-on f\u00fcr Browser von Google Analytics\" href=\"http:\/\/tools.google.com\/dlpage\/gaoptout?hl=de\" target=\"_blank\" rel=\"noopener noreferrer\">widersprochen<\/a>&nbsp;werden. Angesichts der Diskussion um den Einsatz von Analysetools mit vollst\u00e4ndigen IP-Adressen m\u00f6chten wir darauf hinweisen, dass diese Website Google Analytics mit der Erweiterung \u201e_anonymizeIp()\u201c verwendet und daher IP-Adressen nur gek\u00fcrzt weiterverarbeitet werden, um eine direkte Personenbeziehbarkeit auszuschlie\u00dfen.<\/p>\n<\/div>\n<div id=\"c693\" class=\"csc-default\" style=\"color: #666666; font-family: 'Titillium Web', 'Helvetica Neue', Helvetica, Arial, sans-serif; font-size: 13px; font-style: normal; font-weight: 400;\">\n<div class=\"csc-header csc-header-n9\">\n<h3 style=\"font-family: Lato, 'Helvetica Neue', Helvetica, Arial, sans-serif; font-weight: 300; line-height: 40px; color: #292929; margin-bottom: 24px; font-size: 32px;\"><span style=\"font-weight: bold;\">Ansprechpartner f\u00fcr Datenschutz<\/span><\/h3>\n<\/div>\n<p style=\"margin-bottom: 24px; font-weight: 300; font-size: 19px;\">Bei Fragen zur Erhebung, Verarbeitung oder Nutzung Ihrer personenbezogenen Daten, bei Ausk\u00fcnften, Berichtigung, Sperrung oder L\u00f6schung von Daten sowie Widerruf erteilter Einwilligungen wenden Sie sich bitte an:<\/p>\n<p style=\"margin-bottom: 24px; font-weight: 300; font-size: 19px;\">Email: &nbsp;go (@) wemovenow.com<\/p>\n<\/div>\t\t\t\t\t\t\t\t<\/div>\n\t\t\t\t<\/div>\n\t\t\t\t\t<\/div>\n\t\t<\/div>\n\t\t\t\t\t<\/div>\n\t\t<\/section>\n\t\t\t\t<\/div>","protected":false},"excerpt":{"rendered":"<p>Datenschutzerkl\u00e4rung Ihr Vertrauen ist uns sehr wichtig! Der Schutz Ihrer Pers\u00f6nlichkeitsrechte, Ihrer Daten sowie der Beachtung Ihres Rechts zur informationellen Selbstbestimmung bei der Erhebung, Verarbeitung und Nutzung Ihrer pers\u00f6nlichen Daten ist uns ein wichtiges Anliegen.Wir freuen uns \u00fcber Ihr Interesse an unserer Website. Nachstehend informieren wir Sie ausf\u00fchrlich \u00fcber den Umgang mit Ihren Daten. Erhebung, [&hellip;]<\/p>","protected":false},"author":1,"featured_media":0,"parent":0,"menu_order":0,"comment_status":"closed","ping_status":"closed","template":"","meta":{"footnotes":""},"class_list":["post-116","page","type-page","status-publish","hentry","entry","owp-thumbs-layout-horizontal","owp-btn-normal","owp-tabs-layout-horizontal","has-no-thumbnails","has-product-nav"],"_links":{"self":[{"href":"https:\/\/www.wemovenow.com\/en\/wp-json\/wp\/v2\/pages\/116","targetHints":{"allow":["GET"]}}],"collection":[{"href":"https:\/\/www.wemovenow.com\/en\/wp-json\/wp\/v2\/pages"}],"about":[{"href":"https:\/\/www.wemovenow.com\/en\/wp-json\/wp\/v2\/types\/page"}],"author":[{"embeddable":true,"href":"https:\/\/www.wemovenow.com\/en\/wp-json\/wp\/v2\/users\/1"}],"replies":[{"embeddable":true,"href":"https:\/\/www.wemovenow.com\/en\/wp-json\/wp\/v2\/comments?post=116"}],"version-history":[{"count":5,"href":"https:\/\/www.wemovenow.com\/en\/wp-json\/wp\/v2\/pages\/116\/revisions"}],"predecessor-version":[{"id":4882,"href":"https:\/\/www.wemovenow.com\/en\/wp-json\/wp\/v2\/pages\/116\/revisions\/4882"}],"wp:attachment":[{"href":"https:\/\/www.wemovenow.com\/en\/wp-json\/wp\/v2\/media?parent=116"}],"curies":[{"name":"wp","href":"https:\/\/api.w.org\/{rel}","templated":true}]}}